{"id":266,"date":"2024-12-16T22:49:32","date_gmt":"2024-12-16T22:49:32","guid":{"rendered":"https:\/\/thinkforpeople.com.br\/2024\/?page_id=266"},"modified":"2025-01-22T18:38:23","modified_gmt":"2025-01-22T18:38:23","slug":"automacao","status":"publish","type":"page","link":"https:\/\/thinkforpeople.com.br\/2024\/servicos\/automacao\/","title":{"rendered":"Automa\u00e7\u00e3o"},"content":{"rendered":"\t\t<div data-elementor-type=\"wp-page\" data-elementor-id=\"266\" class=\"elementor elementor-266\" data-elementor-post-type=\"page\">\n\t\t\t\t\t\t<section class=\"elementor-section elementor-top-section elementor-element elementor-element-354de75e elementor-reverse-tablet elementor-reverse-mobile elementor-section-boxed elementor-section-height-default elementor-section-height-default\" data-id=\"354de75e\" data-element_type=\"section\" data-settings=\"{&quot;background_background&quot;:&quot;classic&quot;}\">\n\t\t\t\t\t\t\t<div class=\"elementor-background-overlay\"><\/div>\n\t\t\t\t\t\t\t<div class=\"elementor-container elementor-column-gap-default\">\n\t\t\t\t\t<div class=\"elementor-column elementor-col-100 elementor-top-column elementor-element elementor-element-2f5263c1\" data-id=\"2f5263c1\" data-element_type=\"column\">\n\t\t\t<div class=\"elementor-widget-wrap elementor-element-populated\">\n\t\t\t\t\t\t<div class=\"elementor-element elementor-element-776de114 elementor-widget elementor-widget-heading\" data-id=\"776de114\" data-element_type=\"widget\" data-widget_type=\"heading.default\">\n\t\t\t\t<div class=\"elementor-widget-container\">\n\t\t\t\t\t<h1 class=\"elementor-heading-title elementor-size-default\">Automa\u00e7\u00f5es<\/h1>\t\t\t\t<\/div>\n\t\t\t\t<\/div>\n\t\t\t\t<div class=\"elementor-element elementor-element-3aba9d44 elementor-widget elementor-widget-text-editor\" data-id=\"3aba9d44\" data-element_type=\"widget\" data-widget_type=\"text-editor.default\">\n\t\t\t\t<div class=\"elementor-widget-container\">\n\t\t\t\t\t\t\t\t\t<p>As solu\u00e7\u00f5es em automa\u00e7\u00e3o da Think For People integram automa\u00e7\u00e3o, gest\u00e3o energ\u00e9tica, seguran\u00e7a, telecom e infraestrutura em edif\u00edcios, centros comerciais, ind\u00fastrias e outros ambientes. O resultado s\u00e3o espa\u00e7os mais eficientes, confort\u00e1veis, sustent\u00e1veis e conectados.<\/p>\t\t\t\t\t\t\t\t<\/div>\n\t\t\t\t<\/div>\n\t\t\t\t\t<\/div>\n\t\t<\/div>\n\t\t\t\t\t<\/div>\n\t\t<\/section>\n\t\t\t\t<section class=\"elementor-section elementor-top-section elementor-element elementor-element-4bf0e7d1 elementor-section-boxed elementor-section-height-default elementor-section-height-default\" data-id=\"4bf0e7d1\" data-element_type=\"section\">\n\t\t\t\t\t\t<div class=\"elementor-container elementor-column-gap-default\">\n\t\t\t\t\t<div class=\"elementor-column elementor-col-100 elementor-top-column elementor-element elementor-element-5e47dd60\" data-id=\"5e47dd60\" data-element_type=\"column\">\n\t\t\t<div class=\"elementor-widget-wrap elementor-element-populated\">\n\t\t\t\t\t\t<section class=\"elementor-section elementor-inner-section elementor-element elementor-element-0a9090e elementor-section-boxed elementor-section-height-default elementor-section-height-default\" data-id=\"0a9090e\" data-element_type=\"section\">\n\t\t\t\t\t\t<div class=\"elementor-container elementor-column-gap-no\">\n\t\t\t\t\t<div class=\"elementor-column elementor-col-50 elementor-inner-column elementor-element elementor-element-6bdb3fc\" data-id=\"6bdb3fc\" data-element_type=\"column\">\n\t\t\t<div class=\"elementor-widget-wrap elementor-element-populated\">\n\t\t\t\t\t\t<div class=\"elementor-element elementor-element-b18a175 elementor-widget elementor-widget-heading\" data-id=\"b18a175\" data-element_type=\"widget\" data-widget_type=\"heading.default\">\n\t\t\t\t<div class=\"elementor-widget-container\">\n\t\t\t\t\t<h2 class=\"elementor-heading-title elementor-size-default\">Resumo<\/h2>\t\t\t\t<\/div>\n\t\t\t\t<\/div>\n\t\t\t\t\t<\/div>\n\t\t<\/div>\n\t\t\t\t<div class=\"elementor-column elementor-col-50 elementor-inner-column elementor-element elementor-element-fa71035\" data-id=\"fa71035\" data-element_type=\"column\">\n\t\t\t<div class=\"elementor-widget-wrap elementor-element-populated\">\n\t\t\t\t\t\t<div class=\"elementor-element elementor-element-7175330 elementor-widget elementor-widget-text-editor\" data-id=\"7175330\" data-element_type=\"widget\" data-widget_type=\"text-editor.default\">\n\t\t\t\t<div class=\"elementor-widget-container\">\n\t\t\t\t\t\t\t\t\tA Think For People acredita na converg\u00eancia entre tecnologia, sustentabilidade e efici\u00eancia operacional para criar ambientes inteligentes e conectados. Nossos empreendimentos inteligentes incluem solu\u00e7\u00f5es de automa\u00e7\u00e3o predial, gest\u00e3o energ\u00e9tica, ilumina\u00e7\u00e3o e climatiza\u00e7\u00e3o inteligentes, bem como sistemas integrados de seguran\u00e7a e controle de acesso. O objetivo \u00e9 transformar pr\u00e9dios comerciais, ind\u00fastrias, shopping centers e outros empreendimentos em ambientes mais seguros, confort\u00e1veis e sustent\u00e1veis. A partir de uma vis\u00e3o moderna e centrada nas pessoas, proporcionamos experi\u00eancias mais produtivas, reduzimos custos e criamos valor tanto para os gestores quanto para os usu\u00e1rios finais.\t\t\t\t\t\t\t\t<\/div>\n\t\t\t\t<\/div>\n\t\t\t\t\t<\/div>\n\t\t<\/div>\n\t\t\t\t\t<\/div>\n\t\t<\/section>\n\t\t\t\t<div class=\"elementor-element elementor-element-172a3cae elementor-widget elementor-widget-heading\" data-id=\"172a3cae\" data-element_type=\"widget\" data-widget_type=\"heading.default\">\n\t\t\t\t<div class=\"elementor-widget-container\">\n\t\t\t\t\t<h5 class=\"elementor-heading-title elementor-size-default\">Empreendimentos inteligentes<\/h5>\t\t\t\t<\/div>\n\t\t\t\t<\/div>\n\t\t\t\t<div class=\"elementor-element elementor-element-30ba6191 elementor-widget elementor-widget-heading\" data-id=\"30ba6191\" data-element_type=\"widget\" data-widget_type=\"heading.default\">\n\t\t\t\t<div class=\"elementor-widget-container\">\n\t\t\t\t\t<h2 class=\"elementor-heading-title elementor-size-default\">Principais Caracter\u00edsticas<\/h2>\t\t\t\t<\/div>\n\t\t\t\t<\/div>\n\t\t\t\t<section class=\"elementor-section elementor-inner-section elementor-element elementor-element-4c3687ee elementor-section-boxed elementor-section-height-default elementor-section-height-default\" data-id=\"4c3687ee\" data-element_type=\"section\">\n\t\t\t\t\t\t<div class=\"elementor-container elementor-column-gap-no\">\n\t\t\t\t\t<div class=\"elementor-column elementor-col-33 elementor-inner-column elementor-element elementor-element-5bc1ea6e\" data-id=\"5bc1ea6e\" data-element_type=\"column\">\n\t\t\t<div class=\"elementor-widget-wrap elementor-element-populated\">\n\t\t\t\t\t\t<div class=\"elementor-element elementor-element-2756505e jkit-equal-height-disable elementor-widget elementor-widget-jkit_icon_box\" data-id=\"2756505e\" data-element_type=\"widget\" data-widget_type=\"jkit_icon_box.default\">\n\t\t\t\t<div class=\"elementor-widget-container\">\n\t\t\t\t\t<div  class=\"jeg-elementor-kit jkit-icon-box icon-position- elementor-animation-float jeg_module___69d2712a83d46\" ><div class=\"jkit-icon-box-wrapper hover-from-left\"><div class=\"icon-box icon-box-header elementor-animation-\"><div class=\"icon style-color\"><svg aria-hidden=\"true\" class=\"e-font-icon-svg e-far-building\" viewBox=\"0 0 448 512\" xmlns=\"http:\/\/www.w3.org\/2000\/svg\"><path d=\"M128 148v-40c0-6.6 5.4-12 12-12h40c6.6 0 12 5.4 12 12v40c0 6.6-5.4 12-12 12h-40c-6.6 0-12-5.4-12-12zm140 12h40c6.6 0 12-5.4 12-12v-40c0-6.6-5.4-12-12-12h-40c-6.6 0-12 5.4-12 12v40c0 6.6 5.4 12 12 12zm-128 96h40c6.6 0 12-5.4 12-12v-40c0-6.6-5.4-12-12-12h-40c-6.6 0-12 5.4-12 12v40c0 6.6 5.4 12 12 12zm128 0h40c6.6 0 12-5.4 12-12v-40c0-6.6-5.4-12-12-12h-40c-6.6 0-12 5.4-12 12v40c0 6.6 5.4 12 12 12zm-76 84v-40c0-6.6-5.4-12-12-12h-40c-6.6 0-12 5.4-12 12v40c0 6.6 5.4 12 12 12h40c6.6 0 12-5.4 12-12zm76 12h40c6.6 0 12-5.4 12-12v-40c0-6.6-5.4-12-12-12h-40c-6.6 0-12 5.4-12 12v40c0 6.6 5.4 12 12 12zm180 124v36H0v-36c0-6.6 5.4-12 12-12h19.5V24c0-13.3 10.7-24 24-24h337c13.3 0 24 10.7 24 24v440H436c6.6 0 12 5.4 12 12zM79.5 463H192v-67c0-6.6 5.4-12 12-12h40c6.6 0 12 5.4 12 12v67h112.5V49L80 48l-.5 415z\"><\/path><\/svg><\/div><\/div><div class=\"icon-box icon-box-body\">\n                <h2 class=\"title\">Automa\u00e7\u00e3o Predial<\/h2><p class=\"icon-box-description\">Controle centralizado de ilumina\u00e7\u00e3o, climatiza\u00e7\u00e3o, elevadores, persianas e sistemas de seguran\u00e7a.<\/p>\n            <\/div>\n            \n            <\/div><\/div>\t\t\t\t<\/div>\n\t\t\t\t<\/div>\n\t\t\t\t\t<\/div>\n\t\t<\/div>\n\t\t\t\t<div class=\"elementor-column elementor-col-33 elementor-inner-column elementor-element elementor-element-2e4ae4d4\" data-id=\"2e4ae4d4\" data-element_type=\"column\">\n\t\t\t<div class=\"elementor-widget-wrap elementor-element-populated\">\n\t\t\t\t\t\t<div class=\"elementor-element elementor-element-7787a474 jkit-equal-height-disable elementor-widget elementor-widget-jkit_icon_box\" data-id=\"7787a474\" data-element_type=\"widget\" data-widget_type=\"jkit_icon_box.default\">\n\t\t\t\t<div class=\"elementor-widget-container\">\n\t\t\t\t\t<div  class=\"jeg-elementor-kit jkit-icon-box icon-position- elementor-animation-float jeg_module__1_69d2712a84489\" ><div class=\"jkit-icon-box-wrapper hover-from-left\"><div class=\"icon-box icon-box-header elementor-animation-\"><div class=\"icon style-color\"><i aria-hidden=\"true\" class=\"jki jki-energy-saving-light\"><\/i><\/div><\/div><div class=\"icon-box icon-box-body\">\n                <h2 class=\"title\">Gest\u00e3o energ\u00e9tica otimizada<\/h2><p class=\"icon-box-description\">Monitoramento de consumo e uso de fontes renov\u00e1veis, reduzindo custos e impacto ambiental.<\/p>\n            <\/div>\n            \n            <\/div><\/div>\t\t\t\t<\/div>\n\t\t\t\t<\/div>\n\t\t\t\t\t<\/div>\n\t\t<\/div>\n\t\t\t\t<div class=\"elementor-column elementor-col-33 elementor-inner-column elementor-element elementor-element-599feb7b\" data-id=\"599feb7b\" data-element_type=\"column\">\n\t\t\t<div class=\"elementor-widget-wrap elementor-element-populated\">\n\t\t\t\t\t\t<div class=\"elementor-element elementor-element-7c357f86 jkit-equal-height-disable elementor-widget elementor-widget-jkit_icon_box\" data-id=\"7c357f86\" data-element_type=\"widget\" data-widget_type=\"jkit_icon_box.default\">\n\t\t\t\t<div class=\"elementor-widget-container\">\n\t\t\t\t\t<div  class=\"jeg-elementor-kit jkit-icon-box icon-position- elementor-animation-float jeg_module__2_69d2712a84902\" ><div class=\"jkit-icon-box-wrapper hover-from-left\"><div class=\"icon-box icon-box-header elementor-animation-\"><div class=\"icon style-color\"><i aria-hidden=\"true\" class=\"jki jki-internet-light\"><\/i><\/div><\/div><div class=\"icon-box icon-box-body\">\n                <h2 class=\"title\">Conectividade total<\/h2><p class=\"icon-box-description\">Infraestrutura robusta para Internet das Coisas (IoT), permitindo equipamentos e sensores \u201cfalarem\u201d entre si.<\/p>\n            <\/div>\n            \n            <\/div><\/div>\t\t\t\t<\/div>\n\t\t\t\t<\/div>\n\t\t\t\t\t<\/div>\n\t\t<\/div>\n\t\t\t\t\t<\/div>\n\t\t<\/section>\n\t\t\t\t\t<\/div>\n\t\t<\/div>\n\t\t\t\t\t<\/div>\n\t\t<\/section>\n\t\t\t\t<section class=\"elementor-section elementor-top-section elementor-element elementor-element-243dad42 elementor-reverse-tablet elementor-reverse-mobile elementor-section-boxed elementor-section-height-default elementor-section-height-default\" data-id=\"243dad42\" data-element_type=\"section\">\n\t\t\t\t\t\t<div class=\"elementor-container elementor-column-gap-default\">\n\t\t\t\t\t<div class=\"elementor-column elementor-col-100 elementor-top-column elementor-element elementor-element-99492a3\" data-id=\"99492a3\" data-element_type=\"column\">\n\t\t\t<div class=\"elementor-widget-wrap elementor-element-populated\">\n\t\t\t\t\t\t<section class=\"elementor-section elementor-inner-section elementor-element elementor-element-1aa0261b elementor-section-boxed elementor-section-height-default elementor-section-height-default\" data-id=\"1aa0261b\" data-element_type=\"section\">\n\t\t\t\t\t\t<div class=\"elementor-container elementor-column-gap-no\">\n\t\t\t\t\t<div class=\"elementor-column elementor-col-50 elementor-inner-column elementor-element elementor-element-5c4b3035\" data-id=\"5c4b3035\" data-element_type=\"column\">\n\t\t\t<div class=\"elementor-widget-wrap elementor-element-populated\">\n\t\t\t\t\t\t<div class=\"elementor-element elementor-element-405722a4 elementor-widget elementor-widget-heading\" data-id=\"405722a4\" data-element_type=\"widget\" data-widget_type=\"heading.default\">\n\t\t\t\t<div class=\"elementor-widget-container\">\n\t\t\t\t\t<h2 class=\"elementor-heading-title elementor-size-default\">Benef\u00edcios para o seu neg\u00f3cio<\/h2>\t\t\t\t<\/div>\n\t\t\t\t<\/div>\n\t\t\t\t\t<\/div>\n\t\t<\/div>\n\t\t\t\t<div class=\"elementor-column elementor-col-50 elementor-inner-column elementor-element elementor-element-36de66f2\" data-id=\"36de66f2\" data-element_type=\"column\">\n\t\t\t<div class=\"elementor-widget-wrap elementor-element-populated\">\n\t\t\t\t\t\t<div class=\"elementor-element elementor-element-63b2f540 elementor-widget elementor-widget-text-editor\" data-id=\"63b2f540\" data-element_type=\"widget\" data-widget_type=\"text-editor.default\">\n\t\t\t\t<div class=\"elementor-widget-container\">\n\t\t\t\t\t\t\t\t\t<ul><li><strong>Economia e sustentabilidade:<\/strong> Reduza o consumo de energia e \u00e1gua, aumentando a efici\u00eancia do uso de recursos.<\/li><li><strong>Conforto e produtividade:<\/strong> Ambientes inteligentes melhoram a experi\u00eancia de colaboradores, clientes e visitantes, elevando a satisfa\u00e7\u00e3o e o desempenho.<\/li><li><strong>Valoriza\u00e7\u00e3o do im\u00f3vel:<\/strong> Edif\u00edcios inteligentes s\u00e3o mais atrativos no mercado, proporcionando maior retorno sobre o investimento.<\/li><\/ul>\t\t\t\t\t\t\t\t<\/div>\n\t\t\t\t<\/div>\n\t\t\t\t\t<\/div>\n\t\t<\/div>\n\t\t\t\t\t<\/div>\n\t\t<\/section>\n\t\t\t\t\t<\/div>\n\t\t<\/div>\n\t\t\t\t\t<\/div>\n\t\t<\/section>\n\t\t\t\t<section class=\"elementor-section elementor-top-section elementor-element elementor-element-b15d394 elementor-reverse-tablet elementor-reverse-mobile elementor-section-boxed elementor-section-height-default elementor-section-height-default\" data-id=\"b15d394\" data-element_type=\"section\">\n\t\t\t\t\t\t<div class=\"elementor-container elementor-column-gap-default\">\n\t\t\t\t\t<div class=\"elementor-column elementor-col-100 elementor-top-column elementor-element elementor-element-729bbec\" data-id=\"729bbec\" data-element_type=\"column\">\n\t\t\t<div class=\"elementor-widget-wrap elementor-element-populated\">\n\t\t\t\t\t\t<section class=\"elementor-section elementor-inner-section elementor-element elementor-element-2bf6e3d elementor-section-boxed elementor-section-height-default elementor-section-height-default\" data-id=\"2bf6e3d\" data-element_type=\"section\">\n\t\t\t\t\t\t<div class=\"elementor-container elementor-column-gap-no\">\n\t\t\t\t\t<div class=\"elementor-column elementor-col-50 elementor-inner-column elementor-element elementor-element-8f6141a\" data-id=\"8f6141a\" data-element_type=\"column\">\n\t\t\t<div class=\"elementor-widget-wrap elementor-element-populated\">\n\t\t\t\t\t\t<div class=\"elementor-element elementor-element-e96de89 elementor-widget elementor-widget-heading\" data-id=\"e96de89\" data-element_type=\"widget\" data-widget_type=\"heading.default\">\n\t\t\t\t<div class=\"elementor-widget-container\">\n\t\t\t\t\t<h2 class=\"elementor-heading-title elementor-size-default\">Por que contratar a Think For People<\/h2>\t\t\t\t<\/div>\n\t\t\t\t<\/div>\n\t\t\t\t\t<\/div>\n\t\t<\/div>\n\t\t\t\t<div class=\"elementor-column elementor-col-50 elementor-inner-column elementor-element elementor-element-d5504d6\" data-id=\"d5504d6\" data-element_type=\"column\">\n\t\t\t<div class=\"elementor-widget-wrap elementor-element-populated\">\n\t\t\t\t\t\t<div class=\"elementor-element elementor-element-28cf082 elementor-widget elementor-widget-text-editor\" data-id=\"28cf082\" data-element_type=\"widget\" data-widget_type=\"text-editor.default\">\n\t\t\t\t<div class=\"elementor-widget-container\">\n\t\t\t\t\t\t\t\t\t<ul><li><strong>Especialistas em inova\u00e7\u00e3o:<\/strong> Nossos profissionais dominam tecnologias emergentes e tend\u00eancias globais.<\/li><li><strong>Projetos sob medida:<\/strong> Desenvolvemos solu\u00e7\u00f5es alinhadas aos seus objetivos de neg\u00f3cio, cen\u00e1rio econ\u00f4mico e demandas ambientais.<\/li><li><strong>Acompanhamento constante:<\/strong> Oferecemos suporte e melhorias cont\u00ednuas, mantendo o empreendimento atualizado e competitivo.<\/li><\/ul>\t\t\t\t\t\t\t\t<\/div>\n\t\t\t\t<\/div>\n\t\t\t\t\t<\/div>\n\t\t<\/div>\n\t\t\t\t\t<\/div>\n\t\t<\/section>\n\t\t\t\t\t<\/div>\n\t\t<\/div>\n\t\t\t\t\t<\/div>\n\t\t<\/section>\n\t\t\t\t<\/div>\n\t\t","protected":false},"excerpt":{"rendered":"<p>Automa\u00e7\u00f5es As solu\u00e7\u00f5es em automa\u00e7\u00e3o da Think For People integram automa\u00e7\u00e3o, gest\u00e3o energ\u00e9tica, seguran\u00e7a, telecom e infraestrutura em edif\u00edcios, centros comerciais, ind\u00fastrias e outros ambientes. O resultado s\u00e3o espa\u00e7os mais eficientes, confort\u00e1veis, sustent\u00e1veis e conectados. Resumo A Think For People acredita na converg\u00eancia entre tecnologia, sustentabilidade e efici\u00eancia operacional para criar ambientes inteligentes e conectados. [&hellip;]<\/p>\n","protected":false},"author":1,"featured_media":0,"parent":138,"menu_order":0,"comment_status":"closed","ping_status":"closed","template":"","meta":{"footnotes":""},"class_list":["post-266","page","type-page","status-publish","hentry"],"_links":{"self":[{"href":"https:\/\/thinkforpeople.com.br\/2024\/wp-json\/wp\/v2\/pages\/266","targetHints":{"allow":["GET"]}}],"collection":[{"href":"https:\/\/thinkforpeople.com.br\/2024\/wp-json\/wp\/v2\/pages"}],"about":[{"href":"https:\/\/thinkforpeople.com.br\/2024\/wp-json\/wp\/v2\/types\/page"}],"author":[{"embeddable":true,"href":"https:\/\/thinkforpeople.com.br\/2024\/wp-json\/wp\/v2\/users\/1"}],"replies":[{"embeddable":true,"href":"https:\/\/thinkforpeople.com.br\/2024\/wp-json\/wp\/v2\/comments?post=266"}],"version-history":[{"count":21,"href":"https:\/\/thinkforpeople.com.br\/2024\/wp-json\/wp\/v2\/pages\/266\/revisions"}],"predecessor-version":[{"id":546,"href":"https:\/\/thinkforpeople.com.br\/2024\/wp-json\/wp\/v2\/pages\/266\/revisions\/546"}],"up":[{"embeddable":true,"href":"https:\/\/thinkforpeople.com.br\/2024\/wp-json\/wp\/v2\/pages\/138"}],"wp:attachment":[{"href":"https:\/\/thinkforpeople.com.br\/2024\/wp-json\/wp\/v2\/media?parent=266"}],"curies":[{"name":"wp","href":"https:\/\/api.w.org\/{rel}","templated":true}]}}