{"id":288,"date":"2024-12-17T03:29:41","date_gmt":"2024-12-17T03:29:41","guid":{"rendered":"https:\/\/thinkforpeople.com.br\/2024\/?page_id=288"},"modified":"2025-01-22T18:36:29","modified_gmt":"2025-01-22T18:36:29","slug":"telecomunicacoes","status":"publish","type":"page","link":"https:\/\/thinkforpeople.com.br\/2024\/servicos\/telecomunicacoes\/","title":{"rendered":"Telecomunica\u00e7\u00f5es"},"content":{"rendered":"\t\t<div data-elementor-type=\"wp-page\" data-elementor-id=\"288\" class=\"elementor elementor-288\" data-elementor-post-type=\"page\">\n\t\t\t\t\t\t<section class=\"elementor-section elementor-top-section elementor-element elementor-element-354de75e elementor-reverse-tablet elementor-reverse-mobile elementor-section-boxed elementor-section-height-default elementor-section-height-default\" data-id=\"354de75e\" data-element_type=\"section\" data-settings=\"{&quot;background_background&quot;:&quot;classic&quot;}\">\n\t\t\t\t\t\t\t<div class=\"elementor-background-overlay\"><\/div>\n\t\t\t\t\t\t\t<div class=\"elementor-container elementor-column-gap-default\">\n\t\t\t\t\t<div class=\"elementor-column elementor-col-100 elementor-top-column elementor-element elementor-element-2f5263c1\" data-id=\"2f5263c1\" data-element_type=\"column\">\n\t\t\t<div class=\"elementor-widget-wrap elementor-element-populated\">\n\t\t\t\t\t\t<div class=\"elementor-element elementor-element-776de114 elementor-widget elementor-widget-heading\" data-id=\"776de114\" data-element_type=\"widget\" data-widget_type=\"heading.default\">\n\t\t\t\t<div class=\"elementor-widget-container\">\n\t\t\t\t\t<h1 class=\"elementor-heading-title elementor-size-default\">Telecomunica\u00e7\u00f5es<\/h1>\t\t\t\t<\/div>\n\t\t\t\t<\/div>\n\t\t\t\t<div class=\"elementor-element elementor-element-3aba9d44 elementor-widget elementor-widget-text-editor\" data-id=\"3aba9d44\" data-element_type=\"widget\" data-widget_type=\"text-editor.default\">\n\t\t\t\t<div class=\"elementor-widget-container\">\n\t\t\t\t\t\t\t\t\t<p>Comunica\u00e7\u00e3o \u00e9 a espinha dorsal de qualquer neg\u00f3cio bem-sucedido. Na Think For People, oferecemos solu\u00e7\u00f5es de telecomunica\u00e7\u00f5es que englobam voz, dados e v\u00eddeo, garantindo mais efici\u00eancia e agilidade na troca de informa\u00e7\u00f5es entre equipes, clientes e fornecedores.<\/p>\t\t\t\t\t\t\t\t<\/div>\n\t\t\t\t<\/div>\n\t\t\t\t\t<\/div>\n\t\t<\/div>\n\t\t\t\t\t<\/div>\n\t\t<\/section>\n\t\t\t\t<section class=\"elementor-section elementor-top-section elementor-element elementor-element-4bf0e7d1 elementor-section-boxed elementor-section-height-default elementor-section-height-default\" data-id=\"4bf0e7d1\" data-element_type=\"section\">\n\t\t\t\t\t\t<div class=\"elementor-container elementor-column-gap-default\">\n\t\t\t\t\t<div class=\"elementor-column elementor-col-100 elementor-top-column elementor-element elementor-element-5e47dd60\" data-id=\"5e47dd60\" data-element_type=\"column\">\n\t\t\t<div class=\"elementor-widget-wrap elementor-element-populated\">\n\t\t\t\t\t\t<section class=\"elementor-section elementor-inner-section elementor-element elementor-element-0a9090e elementor-section-boxed elementor-section-height-default elementor-section-height-default\" data-id=\"0a9090e\" data-element_type=\"section\">\n\t\t\t\t\t\t<div class=\"elementor-container elementor-column-gap-no\">\n\t\t\t\t\t<div class=\"elementor-column elementor-col-50 elementor-inner-column elementor-element elementor-element-6bdb3fc\" data-id=\"6bdb3fc\" data-element_type=\"column\">\n\t\t\t<div class=\"elementor-widget-wrap elementor-element-populated\">\n\t\t\t\t\t\t<div class=\"elementor-element elementor-element-b18a175 elementor-widget elementor-widget-heading\" data-id=\"b18a175\" data-element_type=\"widget\" data-widget_type=\"heading.default\">\n\t\t\t\t<div class=\"elementor-widget-container\">\n\t\t\t\t\t<h2 class=\"elementor-heading-title elementor-size-default\">Resumo<\/h2>\t\t\t\t<\/div>\n\t\t\t\t<\/div>\n\t\t\t\t\t<\/div>\n\t\t<\/div>\n\t\t\t\t<div class=\"elementor-column elementor-col-50 elementor-inner-column elementor-element elementor-element-fa71035\" data-id=\"fa71035\" data-element_type=\"column\">\n\t\t\t<div class=\"elementor-widget-wrap elementor-element-populated\">\n\t\t\t\t\t\t<div class=\"elementor-element elementor-element-7175330 elementor-widget elementor-widget-text-editor\" data-id=\"7175330\" data-element_type=\"widget\" data-widget_type=\"text-editor.default\">\n\t\t\t\t<div class=\"elementor-widget-container\">\n\t\t\t\t\t\t\t\t\t<p>Na Think For People, acreditamos que uma comunica\u00e7\u00e3o \u00e1gil e confi\u00e1vel \u00e9 a base para a efici\u00eancia nos neg\u00f3cios. Por isso, desenvolvemos solu\u00e7\u00f5es completas em telecomunica\u00e7\u00f5es, projetadas sob medida para as necessidades da sua empresa. Nossa abordagem inclui desde a an\u00e1lise minuciosa da infraestrutura existente at\u00e9 a implanta\u00e7\u00e3o de sistemas modernos que garantem maior estabilidade, velocidade e seguran\u00e7a nas conex\u00f5es de voz, dados e v\u00eddeo. Com nossa expertise, ajudamos sua empresa a evoluir tecnologicamente, proporcionando intera\u00e7\u00f5es mais flu\u00eddas, integra\u00e7\u00e3o entre equipes e maior competitividade no mercado.<\/p>\t\t\t\t\t\t\t\t<\/div>\n\t\t\t\t<\/div>\n\t\t\t\t\t<\/div>\n\t\t<\/div>\n\t\t\t\t\t<\/div>\n\t\t<\/section>\n\t\t\t\t<div class=\"elementor-element elementor-element-172a3cae elementor-widget elementor-widget-heading\" data-id=\"172a3cae\" data-element_type=\"widget\" data-widget_type=\"heading.default\">\n\t\t\t\t<div class=\"elementor-widget-container\">\n\t\t\t\t\t<h5 class=\"elementor-heading-title elementor-size-default\">SOLU\u00c7\u00d5ES EM TELECOMUNICA\u00c7\u00d5ES<\/h5>\t\t\t\t<\/div>\n\t\t\t\t<\/div>\n\t\t\t\t<div class=\"elementor-element elementor-element-30ba6191 elementor-widget elementor-widget-heading\" data-id=\"30ba6191\" data-element_type=\"widget\" data-widget_type=\"heading.default\">\n\t\t\t\t<div class=\"elementor-widget-container\">\n\t\t\t\t\t<h2 class=\"elementor-heading-title elementor-size-default\">Principais Caracter\u00edsticas<\/h2>\t\t\t\t<\/div>\n\t\t\t\t<\/div>\n\t\t\t\t<section class=\"elementor-section elementor-inner-section elementor-element elementor-element-4c3687ee elementor-section-boxed elementor-section-height-default elementor-section-height-default\" data-id=\"4c3687ee\" data-element_type=\"section\">\n\t\t\t\t\t\t<div class=\"elementor-container elementor-column-gap-no\">\n\t\t\t\t\t<div class=\"elementor-column elementor-col-33 elementor-inner-column elementor-element elementor-element-5bc1ea6e\" data-id=\"5bc1ea6e\" data-element_type=\"column\">\n\t\t\t<div class=\"elementor-widget-wrap elementor-element-populated\">\n\t\t\t\t\t\t<div class=\"elementor-element elementor-element-2756505e jkit-equal-height-disable elementor-widget elementor-widget-jkit_icon_box\" data-id=\"2756505e\" data-element_type=\"widget\" data-widget_type=\"jkit_icon_box.default\">\n\t\t\t\t<div class=\"elementor-widget-container\">\n\t\t\t\t\t<div  class=\"jeg-elementor-kit jkit-icon-box icon-position- elementor-animation-float jeg_module___69d270f2f3db7\" ><div class=\"jkit-icon-box-wrapper hover-from-left\"><div class=\"icon-box icon-box-header elementor-animation-\"><div class=\"icon style-color\"><i aria-hidden=\"true\" class=\"jki jki-consult-light\"><\/i><\/div><\/div><div class=\"icon-box icon-box-body\">\n                <h2 class=\"title\">Infraestrutura customizada<\/h2><p class=\"icon-box-description\">Projetamos e implementamos redes de comunica\u00e7\u00e3o totalmente adequadas ao porte, perfil e necessidades da sua empresa.<\/p>\n            <\/div>\n            \n            <\/div><\/div>\t\t\t\t<\/div>\n\t\t\t\t<\/div>\n\t\t\t\t\t<\/div>\n\t\t<\/div>\n\t\t\t\t<div class=\"elementor-column elementor-col-33 elementor-inner-column elementor-element elementor-element-2e4ae4d4\" data-id=\"2e4ae4d4\" data-element_type=\"column\">\n\t\t\t<div class=\"elementor-widget-wrap elementor-element-populated\">\n\t\t\t\t\t\t<div class=\"elementor-element elementor-element-7787a474 jkit-equal-height-disable elementor-widget elementor-widget-jkit_icon_box\" data-id=\"7787a474\" data-element_type=\"widget\" data-widget_type=\"jkit_icon_box.default\">\n\t\t\t\t<div class=\"elementor-widget-container\">\n\t\t\t\t\t<div  class=\"jeg-elementor-kit jkit-icon-box icon-position- elementor-animation-float jeg_module__1_69d270f300308\" ><div class=\"jkit-icon-box-wrapper hover-from-left\"><div class=\"icon-box icon-box-header elementor-animation-\"><div class=\"icon style-color\"><i aria-hidden=\"true\" class=\"jki jki-internet-light\"><\/i><\/div><\/div><div class=\"icon-box icon-box-body\">\n                <h2 class=\"title\">Conectividade de alta velocidade<\/h2><p class=\"icon-box-description\">Fornecemos links de internet dedicados, fibra \u00f3tica e solu\u00e7\u00f5es sem fio que asseguram uma conex\u00e3o r\u00e1pida, est\u00e1vel e cont\u00ednua.<\/p>\n            <\/div>\n            \n            <\/div><\/div>\t\t\t\t<\/div>\n\t\t\t\t<\/div>\n\t\t\t\t\t<\/div>\n\t\t<\/div>\n\t\t\t\t<div class=\"elementor-column elementor-col-33 elementor-inner-column elementor-element elementor-element-599feb7b\" data-id=\"599feb7b\" data-element_type=\"column\">\n\t\t\t<div class=\"elementor-widget-wrap elementor-element-populated\">\n\t\t\t\t\t\t<div class=\"elementor-element elementor-element-7c357f86 jkit-equal-height-disable elementor-widget elementor-widget-jkit_icon_box\" data-id=\"7c357f86\" data-element_type=\"widget\" data-widget_type=\"jkit_icon_box.default\">\n\t\t\t\t<div class=\"elementor-widget-container\">\n\t\t\t\t\t<div  class=\"jeg-elementor-kit jkit-icon-box icon-position- elementor-animation-float jeg_module__2_69d270f3007db\" ><div class=\"jkit-icon-box-wrapper hover-from-left\"><div class=\"icon-box icon-box-header elementor-animation-\"><div class=\"icon style-color\"><i aria-hidden=\"true\" class=\"jki jki-rocket-light\"><\/i><\/div><\/div><div class=\"icon-box icon-box-body\">\n                <h2 class=\"title\">Solu\u00e7\u00f5es escal\u00e1veis<\/h2><p class=\"icon-box-description\">Nossa abordagem facilita a expans\u00e3o da rede \u00e0 medida que sua empresa cresce, sem interrup\u00e7\u00f5es ou custos excessivos.<\/p>\n            <\/div>\n            \n            <\/div><\/div>\t\t\t\t<\/div>\n\t\t\t\t<\/div>\n\t\t\t\t\t<\/div>\n\t\t<\/div>\n\t\t\t\t\t<\/div>\n\t\t<\/section>\n\t\t\t\t\t<\/div>\n\t\t<\/div>\n\t\t\t\t\t<\/div>\n\t\t<\/section>\n\t\t\t\t<section class=\"elementor-section elementor-top-section elementor-element elementor-element-243dad42 elementor-reverse-tablet elementor-reverse-mobile elementor-section-boxed elementor-section-height-default elementor-section-height-default\" data-id=\"243dad42\" data-element_type=\"section\">\n\t\t\t\t\t\t<div class=\"elementor-container elementor-column-gap-default\">\n\t\t\t\t\t<div class=\"elementor-column elementor-col-100 elementor-top-column elementor-element elementor-element-99492a3\" data-id=\"99492a3\" data-element_type=\"column\">\n\t\t\t<div class=\"elementor-widget-wrap elementor-element-populated\">\n\t\t\t\t\t\t<section class=\"elementor-section elementor-inner-section elementor-element elementor-element-1aa0261b elementor-section-boxed elementor-section-height-default elementor-section-height-default\" data-id=\"1aa0261b\" data-element_type=\"section\">\n\t\t\t\t\t\t<div class=\"elementor-container elementor-column-gap-no\">\n\t\t\t\t\t<div class=\"elementor-column elementor-col-50 elementor-inner-column elementor-element elementor-element-5c4b3035\" data-id=\"5c4b3035\" data-element_type=\"column\">\n\t\t\t<div class=\"elementor-widget-wrap elementor-element-populated\">\n\t\t\t\t\t\t<div class=\"elementor-element elementor-element-405722a4 elementor-widget elementor-widget-heading\" data-id=\"405722a4\" data-element_type=\"widget\" data-widget_type=\"heading.default\">\n\t\t\t\t<div class=\"elementor-widget-container\">\n\t\t\t\t\t<h2 class=\"elementor-heading-title elementor-size-default\">Benef\u00edcios para o seu neg\u00f3cio<\/h2>\t\t\t\t<\/div>\n\t\t\t\t<\/div>\n\t\t\t\t\t<\/div>\n\t\t<\/div>\n\t\t\t\t<div class=\"elementor-column elementor-col-50 elementor-inner-column elementor-element elementor-element-36de66f2\" data-id=\"36de66f2\" data-element_type=\"column\">\n\t\t\t<div class=\"elementor-widget-wrap elementor-element-populated\">\n\t\t\t\t\t\t<div class=\"elementor-element elementor-element-63b2f540 elementor-widget elementor-widget-text-editor\" data-id=\"63b2f540\" data-element_type=\"widget\" data-widget_type=\"text-editor.default\">\n\t\t\t\t<div class=\"elementor-widget-container\">\n\t\t\t\t\t\t\t\t\t<ul>\n<li><strong>Agilidade e produtividade:<\/strong> Informa\u00e7\u00f5es fluem sem entraves, permitindo respostas mais r\u00e1pidas ao mercado e maior efici\u00eancia interna.<\/li>\n<li><strong>Melhor colabora\u00e7\u00e3o:<\/strong> Facilite reuni\u00f5es online, videoconfer\u00eancias e compartilhamento de arquivos em tempo real, incentivando o trabalho em equipe.<\/li>\n<li><strong>Redu\u00e7\u00e3o de custos:<\/strong> Otimize o uso da banda e mantenha a qualidade do servi\u00e7o, evitando gastos com conex\u00f5es lentas ou inst\u00e1veis.<\/li>\n<\/ul>\t\t\t\t\t\t\t\t<\/div>\n\t\t\t\t<\/div>\n\t\t\t\t\t<\/div>\n\t\t<\/div>\n\t\t\t\t\t<\/div>\n\t\t<\/section>\n\t\t\t\t\t<\/div>\n\t\t<\/div>\n\t\t\t\t\t<\/div>\n\t\t<\/section>\n\t\t\t\t<section class=\"elementor-section elementor-top-section elementor-element elementor-element-b15d394 elementor-reverse-tablet elementor-reverse-mobile elementor-section-boxed elementor-section-height-default elementor-section-height-default\" data-id=\"b15d394\" data-element_type=\"section\">\n\t\t\t\t\t\t<div class=\"elementor-container elementor-column-gap-default\">\n\t\t\t\t\t<div class=\"elementor-column elementor-col-100 elementor-top-column elementor-element elementor-element-729bbec\" data-id=\"729bbec\" data-element_type=\"column\">\n\t\t\t<div class=\"elementor-widget-wrap elementor-element-populated\">\n\t\t\t\t\t\t<section class=\"elementor-section elementor-inner-section elementor-element elementor-element-2bf6e3d elementor-section-boxed elementor-section-height-default elementor-section-height-default\" data-id=\"2bf6e3d\" data-element_type=\"section\">\n\t\t\t\t\t\t<div class=\"elementor-container elementor-column-gap-no\">\n\t\t\t\t\t<div class=\"elementor-column elementor-col-50 elementor-inner-column elementor-element elementor-element-8f6141a\" data-id=\"8f6141a\" data-element_type=\"column\">\n\t\t\t<div class=\"elementor-widget-wrap elementor-element-populated\">\n\t\t\t\t\t\t<div class=\"elementor-element elementor-element-e96de89 elementor-widget elementor-widget-heading\" data-id=\"e96de89\" data-element_type=\"widget\" data-widget_type=\"heading.default\">\n\t\t\t\t<div class=\"elementor-widget-container\">\n\t\t\t\t\t<h2 class=\"elementor-heading-title elementor-size-default\">Por que contratar a Think For People<\/h2>\t\t\t\t<\/div>\n\t\t\t\t<\/div>\n\t\t\t\t\t<\/div>\n\t\t<\/div>\n\t\t\t\t<div class=\"elementor-column elementor-col-50 elementor-inner-column elementor-element elementor-element-d5504d6\" data-id=\"d5504d6\" data-element_type=\"column\">\n\t\t\t<div class=\"elementor-widget-wrap elementor-element-populated\">\n\t\t\t\t\t\t<div class=\"elementor-element elementor-element-28cf082 elementor-widget elementor-widget-text-editor\" data-id=\"28cf082\" data-element_type=\"widget\" data-widget_type=\"text-editor.default\">\n\t\t\t\t<div class=\"elementor-widget-container\">\n\t\t\t\t\t\t\t\t\t<ul>\n<li><strong>Experi\u00eancia comprovada:<\/strong> Nossa equipe t\u00e9cnica \u00e9 altamente capacitada, garantindo uma implementa\u00e7\u00e3o livre de falhas.<\/li>\n<li><strong>Suporte cont\u00ednuo:<\/strong> Oferecemos atendimento p\u00f3s-implanta\u00e7\u00e3o para manter sua rede operando com m\u00e1xima performance.<\/li>\n<li><strong>Inova\u00e7\u00e3o constante:<\/strong> Estamos sempre atualizados com as novas tecnologias, assegurando que sua comunica\u00e7\u00e3o n\u00e3o fique para tr\u00e1s.<\/li>\n<\/ul>\t\t\t\t\t\t\t\t<\/div>\n\t\t\t\t<\/div>\n\t\t\t\t\t<\/div>\n\t\t<\/div>\n\t\t\t\t\t<\/div>\n\t\t<\/section>\n\t\t\t\t\t<\/div>\n\t\t<\/div>\n\t\t\t\t\t<\/div>\n\t\t<\/section>\n\t\t\t\t<\/div>\n\t\t","protected":false},"excerpt":{"rendered":"<p>Telecomunica\u00e7\u00f5es Comunica\u00e7\u00e3o \u00e9 a espinha dorsal de qualquer neg\u00f3cio bem-sucedido. Na Think For People, oferecemos solu\u00e7\u00f5es de telecomunica\u00e7\u00f5es que englobam voz, dados e v\u00eddeo, garantindo mais efici\u00eancia e agilidade na troca de informa\u00e7\u00f5es entre equipes, clientes e fornecedores. Resumo Na Think For People, acreditamos que uma comunica\u00e7\u00e3o \u00e1gil e confi\u00e1vel \u00e9 a base para a [&hellip;]<\/p>\n","protected":false},"author":1,"featured_media":0,"parent":138,"menu_order":0,"comment_status":"closed","ping_status":"closed","template":"","meta":{"footnotes":""},"class_list":["post-288","page","type-page","status-publish","hentry"],"_links":{"self":[{"href":"https:\/\/thinkforpeople.com.br\/2024\/wp-json\/wp\/v2\/pages\/288","targetHints":{"allow":["GET"]}}],"collection":[{"href":"https:\/\/thinkforpeople.com.br\/2024\/wp-json\/wp\/v2\/pages"}],"about":[{"href":"https:\/\/thinkforpeople.com.br\/2024\/wp-json\/wp\/v2\/types\/page"}],"author":[{"embeddable":true,"href":"https:\/\/thinkforpeople.com.br\/2024\/wp-json\/wp\/v2\/users\/1"}],"replies":[{"embeddable":true,"href":"https:\/\/thinkforpeople.com.br\/2024\/wp-json\/wp\/v2\/comments?post=288"}],"version-history":[{"count":13,"href":"https:\/\/thinkforpeople.com.br\/2024\/wp-json\/wp\/v2\/pages\/288\/revisions"}],"predecessor-version":[{"id":543,"href":"https:\/\/thinkforpeople.com.br\/2024\/wp-json\/wp\/v2\/pages\/288\/revisions\/543"}],"up":[{"embeddable":true,"href":"https:\/\/thinkforpeople.com.br\/2024\/wp-json\/wp\/v2\/pages\/138"}],"wp:attachment":[{"href":"https:\/\/thinkforpeople.com.br\/2024\/wp-json\/wp\/v2\/media?parent=288"}],"curies":[{"name":"wp","href":"https:\/\/api.w.org\/{rel}","templated":true}]}}