{"id":293,"date":"2024-12-17T03:41:41","date_gmt":"2024-12-17T03:41:41","guid":{"rendered":"https:\/\/thinkforpeople.com.br\/2024\/?page_id=293"},"modified":"2025-01-22T18:29:29","modified_gmt":"2025-01-22T18:29:29","slug":"solucoes-em-seguranca","status":"publish","type":"page","link":"https:\/\/thinkforpeople.com.br\/2024\/servicos\/solucoes-em-seguranca\/","title":{"rendered":"Solu\u00e7\u00f5es em Seguran\u00e7a"},"content":{"rendered":"\t\t<div data-elementor-type=\"wp-page\" data-elementor-id=\"293\" class=\"elementor elementor-293\" data-elementor-post-type=\"page\">\n\t\t\t\t\t\t<section class=\"elementor-section elementor-top-section elementor-element elementor-element-354de75e elementor-reverse-tablet elementor-reverse-mobile elementor-section-boxed elementor-section-height-default elementor-section-height-default\" data-id=\"354de75e\" data-element_type=\"section\" data-settings=\"{&quot;background_background&quot;:&quot;classic&quot;}\">\n\t\t\t\t\t\t\t<div class=\"elementor-background-overlay\"><\/div>\n\t\t\t\t\t\t\t<div class=\"elementor-container elementor-column-gap-default\">\n\t\t\t\t\t<div class=\"elementor-column elementor-col-100 elementor-top-column elementor-element elementor-element-2f5263c1\" data-id=\"2f5263c1\" data-element_type=\"column\">\n\t\t\t<div class=\"elementor-widget-wrap elementor-element-populated\">\n\t\t\t\t\t\t<div class=\"elementor-element elementor-element-776de114 elementor-widget elementor-widget-heading\" data-id=\"776de114\" data-element_type=\"widget\" data-widget_type=\"heading.default\">\n\t\t\t\t<div class=\"elementor-widget-container\">\n\t\t\t\t\t<h1 class=\"elementor-heading-title elementor-size-default\">Solu\u00e7\u00f5es em Seguran\u00e7a<\/h1>\t\t\t\t<\/div>\n\t\t\t\t<\/div>\n\t\t\t\t<div class=\"elementor-element elementor-element-3aba9d44 elementor-widget elementor-widget-text-editor\" data-id=\"3aba9d44\" data-element_type=\"widget\" data-widget_type=\"text-editor.default\">\n\t\t\t\t<div class=\"elementor-widget-container\">\n\t\t\t\t\t\t\t\t\t<p>A seguran\u00e7a \u00e9 um pilar essencial para proteger pessoas, dados e bens materiais. Na Think For People, integramos tecnologias modernas para criar ambientes mais seguros e confi\u00e1veis, reduzindo riscos e aprimorando a gest\u00e3o de seguran\u00e7a.<\/p>\t\t\t\t\t\t\t\t<\/div>\n\t\t\t\t<\/div>\n\t\t\t\t\t<\/div>\n\t\t<\/div>\n\t\t\t\t\t<\/div>\n\t\t<\/section>\n\t\t\t\t<section class=\"elementor-section elementor-top-section elementor-element elementor-element-4bf0e7d1 elementor-section-boxed elementor-section-height-default elementor-section-height-default\" data-id=\"4bf0e7d1\" data-element_type=\"section\">\n\t\t\t\t\t\t<div class=\"elementor-container elementor-column-gap-default\">\n\t\t\t\t\t<div class=\"elementor-column elementor-col-100 elementor-top-column elementor-element elementor-element-5e47dd60\" data-id=\"5e47dd60\" data-element_type=\"column\">\n\t\t\t<div class=\"elementor-widget-wrap elementor-element-populated\">\n\t\t\t\t\t\t<section class=\"elementor-section elementor-inner-section elementor-element elementor-element-0a9090e elementor-section-boxed elementor-section-height-default elementor-section-height-default\" data-id=\"0a9090e\" data-element_type=\"section\">\n\t\t\t\t\t\t<div class=\"elementor-container elementor-column-gap-no\">\n\t\t\t\t\t<div class=\"elementor-column elementor-col-50 elementor-inner-column elementor-element elementor-element-6bdb3fc\" data-id=\"6bdb3fc\" data-element_type=\"column\">\n\t\t\t<div class=\"elementor-widget-wrap elementor-element-populated\">\n\t\t\t\t\t\t<div class=\"elementor-element elementor-element-b18a175 elementor-widget elementor-widget-heading\" data-id=\"b18a175\" data-element_type=\"widget\" data-widget_type=\"heading.default\">\n\t\t\t\t<div class=\"elementor-widget-container\">\n\t\t\t\t\t<h2 class=\"elementor-heading-title elementor-size-default\">Resumo<\/h2>\t\t\t\t<\/div>\n\t\t\t\t<\/div>\n\t\t\t\t\t<\/div>\n\t\t<\/div>\n\t\t\t\t<div class=\"elementor-column elementor-col-50 elementor-inner-column elementor-element elementor-element-fa71035\" data-id=\"fa71035\" data-element_type=\"column\">\n\t\t\t<div class=\"elementor-widget-wrap elementor-element-populated\">\n\t\t\t\t\t\t<div class=\"elementor-element elementor-element-7175330 elementor-widget elementor-widget-text-editor\" data-id=\"7175330\" data-element_type=\"widget\" data-widget_type=\"text-editor.default\">\n\t\t\t\t<div class=\"elementor-widget-container\">\n\t\t\t\t\t\t\t\t\t<p>A prote\u00e7\u00e3o do seu patrim\u00f4nio, dados e colaboradores \u00e9 uma prioridade. Na Think For People, oferecemos um portf\u00f3lio robusto de solu\u00e7\u00f5es em seguran\u00e7a, incluindo monitoramento inteligente, controle de acesso, vigil\u00e2ncia por v\u00eddeo e sistemas de alarmes avan\u00e7ados. Trabalhamos com tecnologias de ponta e integra\u00e7\u00f5es personalizadas, garantindo que cada ponto vulner\u00e1vel seja adequadamente protegido. O resultado? Uma estrutura mais segura, processos internos mais eficientes e, acima de tudo, tranquilidade para voc\u00ea concentrar-se no crescimento do seu neg\u00f3cio.<\/p>\t\t\t\t\t\t\t\t<\/div>\n\t\t\t\t<\/div>\n\t\t\t\t\t<\/div>\n\t\t<\/div>\n\t\t\t\t\t<\/div>\n\t\t<\/section>\n\t\t\t\t<div class=\"elementor-element elementor-element-172a3cae elementor-widget elementor-widget-heading\" data-id=\"172a3cae\" data-element_type=\"widget\" data-widget_type=\"heading.default\">\n\t\t\t\t<div class=\"elementor-widget-container\">\n\t\t\t\t\t<h5 class=\"elementor-heading-title elementor-size-default\">SOLU\u00c7\u00d5ES EM SEGURAN\u00c7A<\/h5>\t\t\t\t<\/div>\n\t\t\t\t<\/div>\n\t\t\t\t<div class=\"elementor-element elementor-element-30ba6191 elementor-widget elementor-widget-heading\" data-id=\"30ba6191\" data-element_type=\"widget\" data-widget_type=\"heading.default\">\n\t\t\t\t<div class=\"elementor-widget-container\">\n\t\t\t\t\t<h2 class=\"elementor-heading-title elementor-size-default\">Principais Caracter\u00edsticas<\/h2>\t\t\t\t<\/div>\n\t\t\t\t<\/div>\n\t\t\t\t<section class=\"elementor-section elementor-inner-section elementor-element elementor-element-4c3687ee elementor-section-boxed elementor-section-height-default elementor-section-height-default\" data-id=\"4c3687ee\" data-element_type=\"section\">\n\t\t\t\t\t\t<div class=\"elementor-container elementor-column-gap-no\">\n\t\t\t\t\t<div class=\"elementor-column elementor-col-33 elementor-inner-column elementor-element elementor-element-5bc1ea6e\" data-id=\"5bc1ea6e\" data-element_type=\"column\">\n\t\t\t<div class=\"elementor-widget-wrap elementor-element-populated\">\n\t\t\t\t\t\t<div class=\"elementor-element elementor-element-2756505e jkit-equal-height-disable elementor-widget elementor-widget-jkit_icon_box\" data-id=\"2756505e\" data-element_type=\"widget\" data-widget_type=\"jkit_icon_box.default\">\n\t\t\t\t<div class=\"elementor-widget-container\">\n\t\t\t\t\t<div  class=\"jeg-elementor-kit jkit-icon-box icon-position- elementor-animation-float jeg_module___69d270cea6243\" ><div class=\"jkit-icon-box-wrapper hover-from-left\"><div class=\"icon-box icon-box-header elementor-animation-\"><div class=\"icon style-color\"><i aria-hidden=\"true\" class=\"jki jki-camera-video-light\"><\/i><\/div><\/div><div class=\"icon-box icon-box-body\">\n                <h2 class=\"title\">Monitoramento inteligente<\/h2><p class=\"icon-box-description\">C\u00e2meras de alta resolu\u00e7\u00e3o, an\u00e1lise de v\u00eddeo com intelig\u00eancia artificial e alertas imediatos para situa\u00e7\u00f5es suspeitas.<\/p>\n            <\/div>\n            \n            <\/div><\/div>\t\t\t\t<\/div>\n\t\t\t\t<\/div>\n\t\t\t\t\t<\/div>\n\t\t<\/div>\n\t\t\t\t<div class=\"elementor-column elementor-col-33 elementor-inner-column elementor-element elementor-element-2e4ae4d4\" data-id=\"2e4ae4d4\" data-element_type=\"column\">\n\t\t\t<div class=\"elementor-widget-wrap elementor-element-populated\">\n\t\t\t\t\t\t<div class=\"elementor-element elementor-element-7787a474 jkit-equal-height-disable elementor-widget elementor-widget-jkit_icon_box\" data-id=\"7787a474\" data-element_type=\"widget\" data-widget_type=\"jkit_icon_box.default\">\n\t\t\t\t<div class=\"elementor-widget-container\">\n\t\t\t\t\t<div  class=\"jeg-elementor-kit jkit-icon-box icon-position- elementor-animation-float jeg_module__1_69d270cea69ca\" ><div class=\"jkit-icon-box-wrapper hover-from-left\"><div class=\"icon-box icon-box-header elementor-animation-\"><div class=\"icon style-color\"><i aria-hidden=\"true\" class=\"jki jki-digital-tachograph-solid\"><\/i><\/div><\/div><div class=\"icon-box icon-box-body\">\n                <h2 class=\"title\">Controle de acesso robusto<\/h2><p class=\"icon-box-description\">Sistemas biom\u00e9tricos, identifica\u00e7\u00e3o por cart\u00e3o e softwares de gest\u00e3o de visitantes que impedem a entrada n\u00e3o autorizada.<\/p>\n            <\/div>\n            \n            <\/div><\/div>\t\t\t\t<\/div>\n\t\t\t\t<\/div>\n\t\t\t\t\t<\/div>\n\t\t<\/div>\n\t\t\t\t<div class=\"elementor-column elementor-col-33 elementor-inner-column elementor-element elementor-element-599feb7b\" data-id=\"599feb7b\" data-element_type=\"column\">\n\t\t\t<div class=\"elementor-widget-wrap elementor-element-populated\">\n\t\t\t\t\t\t<div class=\"elementor-element elementor-element-7c357f86 jkit-equal-height-disable elementor-widget elementor-widget-jkit_icon_box\" data-id=\"7c357f86\" data-element_type=\"widget\" data-widget_type=\"jkit_icon_box.default\">\n\t\t\t\t<div class=\"elementor-widget-container\">\n\t\t\t\t\t<div  class=\"jeg-elementor-kit jkit-icon-box icon-position- elementor-animation-float jeg_module__2_69d270cea6e77\" ><div class=\"jkit-icon-box-wrapper hover-from-left\"><div class=\"icon-box icon-box-header elementor-animation-\"><div class=\"icon style-color\"><svg aria-hidden=\"true\" class=\"e-font-icon-svg e-fas-shield-alt\" viewBox=\"0 0 512 512\" xmlns=\"http:\/\/www.w3.org\/2000\/svg\"><path d=\"M466.5 83.7l-192-80a48.15 48.15 0 0 0-36.9 0l-192 80C27.7 91.1 16 108.6 16 128c0 198.5 114.5 335.7 221.5 380.3 11.8 4.9 25.1 4.9 36.9 0C360.1 472.6 496 349.3 496 128c0-19.4-11.7-36.9-29.5-44.3zM256.1 446.3l-.1-381 175.9 73.3c-3.3 151.4-82.1 261.1-175.8 307.7z\"><\/path><\/svg><\/div><\/div><div class=\"icon-box icon-box-body\">\n                <h2 class=\"title\">Seguran\u00e7a de dados e redes<\/h2><p class=\"icon-box-description\">Ferramentas avan\u00e7adas de criptografia, firewalls e prote\u00e7\u00e3o contra ataques cibern\u00e9ticos.<\/p>\n            <\/div>\n            \n            <\/div><\/div>\t\t\t\t<\/div>\n\t\t\t\t<\/div>\n\t\t\t\t\t<\/div>\n\t\t<\/div>\n\t\t\t\t\t<\/div>\n\t\t<\/section>\n\t\t\t\t\t<\/div>\n\t\t<\/div>\n\t\t\t\t\t<\/div>\n\t\t<\/section>\n\t\t\t\t<section class=\"elementor-section elementor-top-section elementor-element elementor-element-243dad42 elementor-reverse-tablet elementor-reverse-mobile elementor-section-boxed elementor-section-height-default elementor-section-height-default\" data-id=\"243dad42\" data-element_type=\"section\">\n\t\t\t\t\t\t<div class=\"elementor-container elementor-column-gap-default\">\n\t\t\t\t\t<div class=\"elementor-column elementor-col-100 elementor-top-column elementor-element elementor-element-99492a3\" data-id=\"99492a3\" data-element_type=\"column\">\n\t\t\t<div class=\"elementor-widget-wrap elementor-element-populated\">\n\t\t\t\t\t\t<section class=\"elementor-section elementor-inner-section elementor-element elementor-element-1aa0261b elementor-section-boxed elementor-section-height-default elementor-section-height-default\" data-id=\"1aa0261b\" data-element_type=\"section\">\n\t\t\t\t\t\t<div class=\"elementor-container elementor-column-gap-no\">\n\t\t\t\t\t<div class=\"elementor-column elementor-col-50 elementor-inner-column elementor-element elementor-element-5c4b3035\" data-id=\"5c4b3035\" data-element_type=\"column\">\n\t\t\t<div class=\"elementor-widget-wrap elementor-element-populated\">\n\t\t\t\t\t\t<div class=\"elementor-element elementor-element-405722a4 elementor-widget elementor-widget-heading\" data-id=\"405722a4\" data-element_type=\"widget\" data-widget_type=\"heading.default\">\n\t\t\t\t<div class=\"elementor-widget-container\">\n\t\t\t\t\t<h2 class=\"elementor-heading-title elementor-size-default\">Benef\u00edcios para o seu neg\u00f3cio<\/h2>\t\t\t\t<\/div>\n\t\t\t\t<\/div>\n\t\t\t\t\t<\/div>\n\t\t<\/div>\n\t\t\t\t<div class=\"elementor-column elementor-col-50 elementor-inner-column elementor-element elementor-element-36de66f2\" data-id=\"36de66f2\" data-element_type=\"column\">\n\t\t\t<div class=\"elementor-widget-wrap elementor-element-populated\">\n\t\t\t\t\t\t<div class=\"elementor-element elementor-element-63b2f540 elementor-widget elementor-widget-text-editor\" data-id=\"63b2f540\" data-element_type=\"widget\" data-widget_type=\"text-editor.default\">\n\t\t\t\t<div class=\"elementor-widget-container\">\n\t\t\t\t\t\t\t\t\t<ul><li><strong>Preven\u00e7\u00e3o e resposta r\u00e1pida:<\/strong> Detecte amea\u00e7as em tempo real e tome decis\u00f5es imediatas para conter incidentes.<\/li><li><strong>Redu\u00e7\u00e3o de perdas:<\/strong> Evite furtos, vandalismo e interrup\u00e7\u00f5es operacionais, assegurando a continuidade do neg\u00f3cio.<\/li><li><strong>Conformidade legal:<\/strong> Atenda a normas e regulamenta\u00e7\u00f5es, demonstrando comprometimento com a prote\u00e7\u00e3o de informa\u00e7\u00f5es.<\/li><\/ul>\t\t\t\t\t\t\t\t<\/div>\n\t\t\t\t<\/div>\n\t\t\t\t\t<\/div>\n\t\t<\/div>\n\t\t\t\t\t<\/div>\n\t\t<\/section>\n\t\t\t\t\t<\/div>\n\t\t<\/div>\n\t\t\t\t\t<\/div>\n\t\t<\/section>\n\t\t\t\t<section class=\"elementor-section elementor-top-section elementor-element elementor-element-b15d394 elementor-reverse-tablet elementor-reverse-mobile elementor-section-boxed elementor-section-height-default elementor-section-height-default\" data-id=\"b15d394\" data-element_type=\"section\">\n\t\t\t\t\t\t<div class=\"elementor-container elementor-column-gap-default\">\n\t\t\t\t\t<div class=\"elementor-column elementor-col-100 elementor-top-column elementor-element elementor-element-729bbec\" data-id=\"729bbec\" data-element_type=\"column\">\n\t\t\t<div class=\"elementor-widget-wrap elementor-element-populated\">\n\t\t\t\t\t\t<section class=\"elementor-section elementor-inner-section elementor-element elementor-element-2bf6e3d elementor-section-boxed elementor-section-height-default elementor-section-height-default\" data-id=\"2bf6e3d\" data-element_type=\"section\">\n\t\t\t\t\t\t<div class=\"elementor-container elementor-column-gap-no\">\n\t\t\t\t\t<div class=\"elementor-column elementor-col-50 elementor-inner-column elementor-element elementor-element-8f6141a\" data-id=\"8f6141a\" data-element_type=\"column\">\n\t\t\t<div class=\"elementor-widget-wrap elementor-element-populated\">\n\t\t\t\t\t\t<div class=\"elementor-element elementor-element-e96de89 elementor-widget elementor-widget-heading\" data-id=\"e96de89\" data-element_type=\"widget\" data-widget_type=\"heading.default\">\n\t\t\t\t<div class=\"elementor-widget-container\">\n\t\t\t\t\t<h2 class=\"elementor-heading-title elementor-size-default\">Por que contratar a Think For People<\/h2>\t\t\t\t<\/div>\n\t\t\t\t<\/div>\n\t\t\t\t\t<\/div>\n\t\t<\/div>\n\t\t\t\t<div class=\"elementor-column elementor-col-50 elementor-inner-column elementor-element elementor-element-d5504d6\" data-id=\"d5504d6\" data-element_type=\"column\">\n\t\t\t<div class=\"elementor-widget-wrap elementor-element-populated\">\n\t\t\t\t\t\t<div class=\"elementor-element elementor-element-28cf082 elementor-widget elementor-widget-text-editor\" data-id=\"28cf082\" data-element_type=\"widget\" data-widget_type=\"text-editor.default\">\n\t\t\t\t<div class=\"elementor-widget-container\">\n\t\t\t\t\t\t\t\t\t<ul><li><strong>Solu\u00e7\u00f5es integradas:<\/strong> Unimos vigil\u00e2ncia, controle de acesso e seguran\u00e7a digital em um \u00fanico ecossistema.<\/li><li><strong>An\u00e1lise personalizada:<\/strong> Identificamos pontos fracos e propomos melhorias que realmente fazem diferen\u00e7a no seu contexto.<\/li><li><strong>Manuten\u00e7\u00e3o e suporte constante:<\/strong> Monitoramento proativo e atualiza\u00e7\u00f5es frequentes mant\u00eam seu ambiente sempre protegido.<\/li><\/ul>\t\t\t\t\t\t\t\t<\/div>\n\t\t\t\t<\/div>\n\t\t\t\t\t<\/div>\n\t\t<\/div>\n\t\t\t\t\t<\/div>\n\t\t<\/section>\n\t\t\t\t\t<\/div>\n\t\t<\/div>\n\t\t\t\t\t<\/div>\n\t\t<\/section>\n\t\t\t\t<\/div>\n\t\t","protected":false},"excerpt":{"rendered":"<p>Solu\u00e7\u00f5es em Seguran\u00e7a A seguran\u00e7a \u00e9 um pilar essencial para proteger pessoas, dados e bens materiais. Na Think For People, integramos tecnologias modernas para criar ambientes mais seguros e confi\u00e1veis, reduzindo riscos e aprimorando a gest\u00e3o de seguran\u00e7a. Resumo A prote\u00e7\u00e3o do seu patrim\u00f4nio, dados e colaboradores \u00e9 uma prioridade. Na Think For People, oferecemos [&hellip;]<\/p>\n","protected":false},"author":1,"featured_media":0,"parent":138,"menu_order":0,"comment_status":"closed","ping_status":"closed","template":"","meta":{"footnotes":""},"class_list":["post-293","page","type-page","status-publish","hentry"],"_links":{"self":[{"href":"https:\/\/thinkforpeople.com.br\/2024\/wp-json\/wp\/v2\/pages\/293","targetHints":{"allow":["GET"]}}],"collection":[{"href":"https:\/\/thinkforpeople.com.br\/2024\/wp-json\/wp\/v2\/pages"}],"about":[{"href":"https:\/\/thinkforpeople.com.br\/2024\/wp-json\/wp\/v2\/types\/page"}],"author":[{"embeddable":true,"href":"https:\/\/thinkforpeople.com.br\/2024\/wp-json\/wp\/v2\/users\/1"}],"replies":[{"embeddable":true,"href":"https:\/\/thinkforpeople.com.br\/2024\/wp-json\/wp\/v2\/comments?post=293"}],"version-history":[{"count":13,"href":"https:\/\/thinkforpeople.com.br\/2024\/wp-json\/wp\/v2\/pages\/293\/revisions"}],"predecessor-version":[{"id":537,"href":"https:\/\/thinkforpeople.com.br\/2024\/wp-json\/wp\/v2\/pages\/293\/revisions\/537"}],"up":[{"embeddable":true,"href":"https:\/\/thinkforpeople.com.br\/2024\/wp-json\/wp\/v2\/pages\/138"}],"wp:attachment":[{"href":"https:\/\/thinkforpeople.com.br\/2024\/wp-json\/wp\/v2\/media?parent=293"}],"curies":[{"name":"wp","href":"https:\/\/api.w.org\/{rel}","templated":true}]}}