{"id":327,"date":"2024-12-17T12:58:07","date_gmt":"2024-12-17T12:58:07","guid":{"rendered":"https:\/\/thinkforpeople.com.br\/2024\/?page_id=327"},"modified":"2025-01-22T18:40:44","modified_gmt":"2025-01-22T18:40:44","slug":"manutencao-preditiva","status":"publish","type":"page","link":"https:\/\/thinkforpeople.com.br\/2024\/servicos\/manutencao-preditiva\/","title":{"rendered":"Manuten\u00e7\u00e3o Preditiva"},"content":{"rendered":"\t\t<div data-elementor-type=\"wp-page\" data-elementor-id=\"327\" class=\"elementor elementor-327\" data-elementor-post-type=\"page\">\n\t\t\t\t\t\t<section class=\"elementor-section elementor-top-section elementor-element elementor-element-354de75e elementor-reverse-tablet elementor-reverse-mobile elementor-section-boxed elementor-section-height-default elementor-section-height-default\" data-id=\"354de75e\" data-element_type=\"section\" data-settings=\"{&quot;background_background&quot;:&quot;classic&quot;}\">\n\t\t\t\t\t\t\t<div class=\"elementor-background-overlay\"><\/div>\n\t\t\t\t\t\t\t<div class=\"elementor-container elementor-column-gap-default\">\n\t\t\t\t\t<div class=\"elementor-column elementor-col-100 elementor-top-column elementor-element elementor-element-2f5263c1\" data-id=\"2f5263c1\" data-element_type=\"column\">\n\t\t\t<div class=\"elementor-widget-wrap elementor-element-populated\">\n\t\t\t\t\t\t<div class=\"elementor-element elementor-element-776de114 elementor-widget elementor-widget-heading\" data-id=\"776de114\" data-element_type=\"widget\" data-widget_type=\"heading.default\">\n\t\t\t\t<div class=\"elementor-widget-container\">\n\t\t\t\t\t<h1 class=\"elementor-heading-title elementor-size-default\">Manuten\u00e7\u00e3o Preditiva<\/h1>\t\t\t\t<\/div>\n\t\t\t\t<\/div>\n\t\t\t\t<div class=\"elementor-element elementor-element-3aba9d44 elementor-widget elementor-widget-text-editor\" data-id=\"3aba9d44\" data-element_type=\"widget\" data-widget_type=\"text-editor.default\">\n\t\t\t\t<div class=\"elementor-widget-container\">\n\t\t\t\t\t\t\t\t\t<p>A manuten\u00e7\u00e3o preditiva \u00e9 a solu\u00e7\u00e3o integrada e completa da Think For People, combinando telecomunica\u00e7\u00f5es, seguran\u00e7a e infraestrutura em um \u00fanico ecossistema. Com essa vis\u00e3o global, simplificamos a gest\u00e3o da tecnologia, permitindo que voc\u00ea foque no core do seu neg\u00f3cio.<\/p>\t\t\t\t\t\t\t\t<\/div>\n\t\t\t\t<\/div>\n\t\t\t\t\t<\/div>\n\t\t<\/div>\n\t\t\t\t\t<\/div>\n\t\t<\/section>\n\t\t\t\t<section class=\"elementor-section elementor-top-section elementor-element elementor-element-4bf0e7d1 elementor-section-boxed elementor-section-height-default elementor-section-height-default\" data-id=\"4bf0e7d1\" data-element_type=\"section\">\n\t\t\t\t\t\t<div class=\"elementor-container elementor-column-gap-default\">\n\t\t\t\t\t<div class=\"elementor-column elementor-col-100 elementor-top-column elementor-element elementor-element-5e47dd60\" data-id=\"5e47dd60\" data-element_type=\"column\">\n\t\t\t<div class=\"elementor-widget-wrap elementor-element-populated\">\n\t\t\t\t\t\t<section class=\"elementor-section elementor-inner-section elementor-element elementor-element-0a9090e elementor-section-boxed elementor-section-height-default elementor-section-height-default\" data-id=\"0a9090e\" data-element_type=\"section\">\n\t\t\t\t\t\t<div class=\"elementor-container elementor-column-gap-no\">\n\t\t\t\t\t<div class=\"elementor-column elementor-col-50 elementor-inner-column elementor-element elementor-element-6bdb3fc\" data-id=\"6bdb3fc\" data-element_type=\"column\">\n\t\t\t<div class=\"elementor-widget-wrap elementor-element-populated\">\n\t\t\t\t\t\t<div class=\"elementor-element elementor-element-b18a175 elementor-widget elementor-widget-heading\" data-id=\"b18a175\" data-element_type=\"widget\" data-widget_type=\"heading.default\">\n\t\t\t\t<div class=\"elementor-widget-container\">\n\t\t\t\t\t<h2 class=\"elementor-heading-title elementor-size-default\">Resumo<\/h2>\t\t\t\t<\/div>\n\t\t\t\t<\/div>\n\t\t\t\t\t<\/div>\n\t\t<\/div>\n\t\t\t\t<div class=\"elementor-column elementor-col-50 elementor-inner-column elementor-element elementor-element-fa71035\" data-id=\"fa71035\" data-element_type=\"column\">\n\t\t\t<div class=\"elementor-widget-wrap elementor-element-populated\">\n\t\t\t\t\t\t<div class=\"elementor-element elementor-element-7175330 elementor-widget elementor-widget-text-editor\" data-id=\"7175330\" data-element_type=\"widget\" data-widget_type=\"text-editor.default\">\n\t\t\t\t<div class=\"elementor-widget-container\">\n\t\t\t\t\t\t\t\t\t<p>Imagine concentrar todos os aspectos tecnol\u00f3gicos do seu neg\u00f3cio em uma \u00fanica solu\u00e7\u00e3o integrada. \u00c9 exatamente isso que a Manuten\u00e7\u00e3o Preditiva proporciona. A partir de uma vis\u00e3o global, unimos telecomunica\u00e7\u00f5es, seguran\u00e7a, infraestrutura e gest\u00e3o inteligente em um s\u00f3 ecossistema. Essa abordagem hol\u00edstica otimiza processos, reduz custos operacionais e garante total visibilidade sobre cada componente, permitindo tomadas de decis\u00e3o mais assertivas. Com a Manuten\u00e7\u00e3o Preditiva, voc\u00ea tem um parceiro estrat\u00e9gico que entende as suas necessidades e simplifica o acesso a tecnologias complexas, garantindo melhores resultados.<\/p>\t\t\t\t\t\t\t\t<\/div>\n\t\t\t\t<\/div>\n\t\t\t\t\t<\/div>\n\t\t<\/div>\n\t\t\t\t\t<\/div>\n\t\t<\/section>\n\t\t\t\t<div class=\"elementor-element elementor-element-172a3cae elementor-widget elementor-widget-heading\" data-id=\"172a3cae\" data-element_type=\"widget\" data-widget_type=\"heading.default\">\n\t\t\t\t<div class=\"elementor-widget-container\">\n\t\t\t\t\t<h5 class=\"elementor-heading-title elementor-size-default\">SOLU\u00c7\u00d5ES EM TELECOMUNICA\u00c7\u00d5ES<\/h5>\t\t\t\t<\/div>\n\t\t\t\t<\/div>\n\t\t\t\t<div class=\"elementor-element elementor-element-30ba6191 elementor-widget elementor-widget-heading\" data-id=\"30ba6191\" data-element_type=\"widget\" data-widget_type=\"heading.default\">\n\t\t\t\t<div class=\"elementor-widget-container\">\n\t\t\t\t\t<h2 class=\"elementor-heading-title elementor-size-default\">Principais Caracter\u00edsticas<\/h2>\t\t\t\t<\/div>\n\t\t\t\t<\/div>\n\t\t\t\t<section class=\"elementor-section elementor-inner-section elementor-element elementor-element-4c3687ee elementor-section-boxed elementor-section-height-default elementor-section-height-default\" data-id=\"4c3687ee\" data-element_type=\"section\">\n\t\t\t\t\t\t<div class=\"elementor-container elementor-column-gap-no\">\n\t\t\t\t\t<div class=\"elementor-column elementor-col-33 elementor-inner-column elementor-element elementor-element-5bc1ea6e\" data-id=\"5bc1ea6e\" data-element_type=\"column\">\n\t\t\t<div class=\"elementor-widget-wrap elementor-element-populated\">\n\t\t\t\t\t\t<div class=\"elementor-element elementor-element-2756505e jkit-equal-height-disable elementor-widget elementor-widget-jkit_icon_box\" data-id=\"2756505e\" data-element_type=\"widget\" data-widget_type=\"jkit_icon_box.default\">\n\t\t\t\t<div class=\"elementor-widget-container\">\n\t\t\t\t\t<div  class=\"jeg-elementor-kit jkit-icon-box icon-position- elementor-animation-float jeg_module___69d271033ef10\" ><div class=\"jkit-icon-box-wrapper hover-from-left\"><div class=\"icon-box icon-box-header elementor-animation-\"><div class=\"icon style-color\"><i aria-hidden=\"true\" class=\"jki jki-consult-light\"><\/i><\/div><\/div><div class=\"icon-box icon-box-body\">\n                <h2 class=\"title\">Gest\u00e3o unificada<\/h2><p class=\"icon-box-description\">Administre telecom, seguran\u00e7a e infraestrutura por meio de uma plataforma centralizada.<\/p>\n            <\/div>\n            \n            <\/div><\/div>\t\t\t\t<\/div>\n\t\t\t\t<\/div>\n\t\t\t\t\t<\/div>\n\t\t<\/div>\n\t\t\t\t<div class=\"elementor-column elementor-col-33 elementor-inner-column elementor-element elementor-element-2e4ae4d4\" data-id=\"2e4ae4d4\" data-element_type=\"column\">\n\t\t\t<div class=\"elementor-widget-wrap elementor-element-populated\">\n\t\t\t\t\t\t<div class=\"elementor-element elementor-element-7787a474 jkit-equal-height-disable elementor-widget elementor-widget-jkit_icon_box\" data-id=\"7787a474\" data-element_type=\"widget\" data-widget_type=\"jkit_icon_box.default\">\n\t\t\t\t<div class=\"elementor-widget-container\">\n\t\t\t\t\t<div  class=\"jeg-elementor-kit jkit-icon-box icon-position- elementor-animation-float jeg_module__1_69d271033f62d\" ><div class=\"jkit-icon-box-wrapper hover-from-left\"><div class=\"icon-box icon-box-header elementor-animation-\"><div class=\"icon style-color\"><i aria-hidden=\"true\" class=\"jki jki-line-light\"><\/i><\/div><\/div><div class=\"icon-box icon-box-body\">\n                <h2 class=\"title\">An\u00e1lises estrat\u00e9gicas<\/h2><p class=\"icon-box-description\">Tenha relat\u00f3rios em tempo real, m\u00e9tricas e insights para tomada de decis\u00e3o assertiva.<\/p>\n            <\/div>\n            \n            <\/div><\/div>\t\t\t\t<\/div>\n\t\t\t\t<\/div>\n\t\t\t\t\t<\/div>\n\t\t<\/div>\n\t\t\t\t<div class=\"elementor-column elementor-col-33 elementor-inner-column elementor-element elementor-element-599feb7b\" data-id=\"599feb7b\" data-element_type=\"column\">\n\t\t\t<div class=\"elementor-widget-wrap elementor-element-populated\">\n\t\t\t\t\t\t<div class=\"elementor-element elementor-element-7c357f86 jkit-equal-height-disable elementor-widget elementor-widget-jkit_icon_box\" data-id=\"7c357f86\" data-element_type=\"widget\" data-widget_type=\"jkit_icon_box.default\">\n\t\t\t\t<div class=\"elementor-widget-container\">\n\t\t\t\t\t<div  class=\"jeg-elementor-kit jkit-icon-box icon-position- elementor-animation-float jeg_module__2_69d271033facf\" ><div class=\"jkit-icon-box-wrapper hover-from-left\"><div class=\"icon-box icon-box-header elementor-animation-\"><div class=\"icon style-color\"><i aria-hidden=\"true\" class=\"jki jki-trending-up-line\"><\/i><\/div><\/div><div class=\"icon-box icon-box-body\">\n                <h2 class=\"title\">Facilidade de expans\u00e3o<\/h2><p class=\"icon-box-description\">Adicione novos recursos e servi\u00e7os sem complexidade, mantendo a coer\u00eancia do ambiente tecnol\u00f3gico.<\/p>\n            <\/div>\n            \n            <\/div><\/div>\t\t\t\t<\/div>\n\t\t\t\t<\/div>\n\t\t\t\t\t<\/div>\n\t\t<\/div>\n\t\t\t\t\t<\/div>\n\t\t<\/section>\n\t\t\t\t\t<\/div>\n\t\t<\/div>\n\t\t\t\t\t<\/div>\n\t\t<\/section>\n\t\t\t\t<section class=\"elementor-section elementor-top-section elementor-element elementor-element-243dad42 elementor-reverse-tablet elementor-reverse-mobile elementor-section-boxed elementor-section-height-default elementor-section-height-default\" data-id=\"243dad42\" data-element_type=\"section\">\n\t\t\t\t\t\t<div class=\"elementor-container elementor-column-gap-default\">\n\t\t\t\t\t<div class=\"elementor-column elementor-col-100 elementor-top-column elementor-element elementor-element-99492a3\" data-id=\"99492a3\" data-element_type=\"column\">\n\t\t\t<div class=\"elementor-widget-wrap elementor-element-populated\">\n\t\t\t\t\t\t<section class=\"elementor-section elementor-inner-section elementor-element elementor-element-1aa0261b elementor-section-boxed elementor-section-height-default elementor-section-height-default\" data-id=\"1aa0261b\" data-element_type=\"section\">\n\t\t\t\t\t\t<div class=\"elementor-container elementor-column-gap-no\">\n\t\t\t\t\t<div class=\"elementor-column elementor-col-50 elementor-inner-column elementor-element elementor-element-5c4b3035\" data-id=\"5c4b3035\" data-element_type=\"column\">\n\t\t\t<div class=\"elementor-widget-wrap elementor-element-populated\">\n\t\t\t\t\t\t<div class=\"elementor-element elementor-element-405722a4 elementor-widget elementor-widget-heading\" data-id=\"405722a4\" data-element_type=\"widget\" data-widget_type=\"heading.default\">\n\t\t\t\t<div class=\"elementor-widget-container\">\n\t\t\t\t\t<h2 class=\"elementor-heading-title elementor-size-default\">Benef\u00edcios para o seu neg\u00f3cio<\/h2>\t\t\t\t<\/div>\n\t\t\t\t<\/div>\n\t\t\t\t\t<\/div>\n\t\t<\/div>\n\t\t\t\t<div class=\"elementor-column elementor-col-50 elementor-inner-column elementor-element elementor-element-36de66f2\" data-id=\"36de66f2\" data-element_type=\"column\">\n\t\t\t<div class=\"elementor-widget-wrap elementor-element-populated\">\n\t\t\t\t\t\t<div class=\"elementor-element elementor-element-63b2f540 elementor-widget elementor-widget-text-editor\" data-id=\"63b2f540\" data-element_type=\"widget\" data-widget_type=\"text-editor.default\">\n\t\t\t\t<div class=\"elementor-widget-container\">\n\t\t\t\t\t\t\t\t\t<ul><li><strong>Efici\u00eancia operacional:<\/strong> Reduza a sobrecarga de gerenciar m\u00faltiplos fornecedores e sistemas dispersos.<\/li><li><strong>Menos custos:<\/strong> Otimize investimentos ao centralizar solu\u00e7\u00f5es, evitando retrabalhos e incompatibilidades.<\/li><li><strong>Agilidade na tomada de decis\u00e3o:<\/strong> Com uma vis\u00e3o 360\u00b0, ajustes e melhorias s\u00e3o feitos com maior precis\u00e3o e rapidez.<\/li><\/ul>\t\t\t\t\t\t\t\t<\/div>\n\t\t\t\t<\/div>\n\t\t\t\t\t<\/div>\n\t\t<\/div>\n\t\t\t\t\t<\/div>\n\t\t<\/section>\n\t\t\t\t\t<\/div>\n\t\t<\/div>\n\t\t\t\t\t<\/div>\n\t\t<\/section>\n\t\t\t\t<section class=\"elementor-section elementor-top-section elementor-element elementor-element-b15d394 elementor-reverse-tablet elementor-reverse-mobile elementor-section-boxed elementor-section-height-default elementor-section-height-default\" data-id=\"b15d394\" data-element_type=\"section\">\n\t\t\t\t\t\t<div class=\"elementor-container elementor-column-gap-default\">\n\t\t\t\t\t<div class=\"elementor-column elementor-col-100 elementor-top-column elementor-element elementor-element-729bbec\" data-id=\"729bbec\" data-element_type=\"column\">\n\t\t\t<div class=\"elementor-widget-wrap elementor-element-populated\">\n\t\t\t\t\t\t<section class=\"elementor-section elementor-inner-section elementor-element elementor-element-2bf6e3d elementor-section-boxed elementor-section-height-default elementor-section-height-default\" data-id=\"2bf6e3d\" data-element_type=\"section\">\n\t\t\t\t\t\t<div class=\"elementor-container elementor-column-gap-no\">\n\t\t\t\t\t<div class=\"elementor-column elementor-col-50 elementor-inner-column elementor-element elementor-element-8f6141a\" data-id=\"8f6141a\" data-element_type=\"column\">\n\t\t\t<div class=\"elementor-widget-wrap elementor-element-populated\">\n\t\t\t\t\t\t<div class=\"elementor-element elementor-element-e96de89 elementor-widget elementor-widget-heading\" data-id=\"e96de89\" data-element_type=\"widget\" data-widget_type=\"heading.default\">\n\t\t\t\t<div class=\"elementor-widget-container\">\n\t\t\t\t\t<h2 class=\"elementor-heading-title elementor-size-default\">Por que contratar a Think For People<\/h2>\t\t\t\t<\/div>\n\t\t\t\t<\/div>\n\t\t\t\t\t<\/div>\n\t\t<\/div>\n\t\t\t\t<div class=\"elementor-column elementor-col-50 elementor-inner-column elementor-element elementor-element-d5504d6\" data-id=\"d5504d6\" data-element_type=\"column\">\n\t\t\t<div class=\"elementor-widget-wrap elementor-element-populated\">\n\t\t\t\t\t\t<div class=\"elementor-element elementor-element-28cf082 elementor-widget elementor-widget-text-editor\" data-id=\"28cf082\" data-element_type=\"widget\" data-widget_type=\"text-editor.default\">\n\t\t\t\t<div class=\"elementor-widget-container\">\n\t\t\t\t\t\t\t\t\t<ul><li><strong>Solu\u00e7\u00f5es integradas e confi\u00e1veis:<\/strong> Reunimos expertise em diferentes \u00e1reas para garantir um ecossistema robusto.<\/li><li><strong>Personaliza\u00e7\u00e3o total:<\/strong> Ajustamos nossa proposta de acordo com o perfil e metas de cada cliente.<\/li><li><strong>Apoio estrat\u00e9gico:<\/strong> Somos mais que um fornecedor, atuamos como parceiros, indicando caminhos para a evolu\u00e7\u00e3o do seu neg\u00f3cio.<\/li><\/ul>\t\t\t\t\t\t\t\t<\/div>\n\t\t\t\t<\/div>\n\t\t\t\t\t<\/div>\n\t\t<\/div>\n\t\t\t\t\t<\/div>\n\t\t<\/section>\n\t\t\t\t\t<\/div>\n\t\t<\/div>\n\t\t\t\t\t<\/div>\n\t\t<\/section>\n\t\t\t\t<\/div>\n\t\t","protected":false},"excerpt":{"rendered":"<p>Manuten\u00e7\u00e3o Preditiva A manuten\u00e7\u00e3o preditiva \u00e9 a solu\u00e7\u00e3o integrada e completa da Think For People, combinando telecomunica\u00e7\u00f5es, seguran\u00e7a e infraestrutura em um \u00fanico ecossistema. Com essa vis\u00e3o global, simplificamos a gest\u00e3o da tecnologia, permitindo que voc\u00ea foque no core do seu neg\u00f3cio. Resumo Imagine concentrar todos os aspectos tecnol\u00f3gicos do seu neg\u00f3cio em uma \u00fanica [&hellip;]<\/p>\n","protected":false},"author":1,"featured_media":0,"parent":138,"menu_order":0,"comment_status":"closed","ping_status":"closed","template":"","meta":{"footnotes":""},"class_list":["post-327","page","type-page","status-publish","hentry"],"_links":{"self":[{"href":"https:\/\/thinkforpeople.com.br\/2024\/wp-json\/wp\/v2\/pages\/327","targetHints":{"allow":["GET"]}}],"collection":[{"href":"https:\/\/thinkforpeople.com.br\/2024\/wp-json\/wp\/v2\/pages"}],"about":[{"href":"https:\/\/thinkforpeople.com.br\/2024\/wp-json\/wp\/v2\/types\/page"}],"author":[{"embeddable":true,"href":"https:\/\/thinkforpeople.com.br\/2024\/wp-json\/wp\/v2\/users\/1"}],"replies":[{"embeddable":true,"href":"https:\/\/thinkforpeople.com.br\/2024\/wp-json\/wp\/v2\/comments?post=327"}],"version-history":[{"count":26,"href":"https:\/\/thinkforpeople.com.br\/2024\/wp-json\/wp\/v2\/pages\/327\/revisions"}],"predecessor-version":[{"id":549,"href":"https:\/\/thinkforpeople.com.br\/2024\/wp-json\/wp\/v2\/pages\/327\/revisions\/549"}],"up":[{"embeddable":true,"href":"https:\/\/thinkforpeople.com.br\/2024\/wp-json\/wp\/v2\/pages\/138"}],"wp:attachment":[{"href":"https:\/\/thinkforpeople.com.br\/2024\/wp-json\/wp\/v2\/media?parent=327"}],"curies":[{"name":"wp","href":"https:\/\/api.w.org\/{rel}","templated":true}]}}