{"id":360,"date":"2024-12-17T14:17:55","date_gmt":"2024-12-17T14:17:55","guid":{"rendered":"https:\/\/thinkforpeople.com.br\/2024\/?page_id=360"},"modified":"2024-12-17T14:19:58","modified_gmt":"2024-12-17T14:19:58","slug":"blog","status":"publish","type":"page","link":"https:\/\/thinkforpeople.com.br\/2024\/blog\/","title":{"rendered":"Blog"},"content":{"rendered":"\t\t<div data-elementor-type=\"wp-page\" data-elementor-id=\"360\" class=\"elementor elementor-360\" data-elementor-post-type=\"page\">\n\t\t\t\t\t\t<section class=\"elementor-section elementor-top-section elementor-element elementor-element-7de0d5b2 elementor-reverse-tablet elementor-reverse-mobile elementor-section-boxed elementor-section-height-default elementor-section-height-default\" data-id=\"7de0d5b2\" data-element_type=\"section\" data-settings=\"{&quot;background_background&quot;:&quot;classic&quot;}\">\n\t\t\t\t\t\t\t<div class=\"elementor-background-overlay\"><\/div>\n\t\t\t\t\t\t\t<div class=\"elementor-container elementor-column-gap-default\">\n\t\t\t\t\t<div class=\"elementor-column elementor-col-100 elementor-top-column elementor-element elementor-element-4fb336fd\" data-id=\"4fb336fd\" data-element_type=\"column\">\n\t\t\t<div class=\"elementor-widget-wrap elementor-element-populated\">\n\t\t\t\t\t\t<div class=\"elementor-element elementor-element-6bb59f2b elementor-widget elementor-widget-heading\" data-id=\"6bb59f2b\" data-element_type=\"widget\" data-widget_type=\"heading.default\">\n\t\t\t\t<div class=\"elementor-widget-container\">\n\t\t\t\t\t<h1 class=\"elementor-heading-title elementor-size-default\">Blog<\/h1>\t\t\t\t<\/div>\n\t\t\t\t<\/div>\n\t\t\t\t\t<\/div>\n\t\t<\/div>\n\t\t\t\t\t<\/div>\n\t\t<\/section>\n\t\t\t\t<section class=\"elementor-section elementor-top-section elementor-element elementor-element-2d8eca8e elementor-section-boxed elementor-section-height-default elementor-section-height-default\" data-id=\"2d8eca8e\" data-element_type=\"section\">\n\t\t\t\t\t\t<div class=\"elementor-container elementor-column-gap-default\">\n\t\t\t\t\t<div class=\"elementor-column elementor-col-100 elementor-top-column elementor-element elementor-element-5cd4443a\" data-id=\"5cd4443a\" data-element_type=\"column\">\n\t\t\t<div class=\"elementor-widget-wrap elementor-element-populated\">\n\t\t\t\t\t\t<div class=\"elementor-element elementor-element-26c08139 elementor-widget elementor-widget-heading\" data-id=\"26c08139\" data-element_type=\"widget\" data-widget_type=\"heading.default\">\n\t\t\t\t<div class=\"elementor-widget-container\">\n\t\t\t\t\t<h5 class=\"elementor-heading-title elementor-size-default\">NOssos artigos<\/h5>\t\t\t\t<\/div>\n\t\t\t\t<\/div>\n\t\t\t\t<div class=\"elementor-element elementor-element-438ea4cc elementor-widget elementor-widget-heading\" data-id=\"438ea4cc\" data-element_type=\"widget\" data-widget_type=\"heading.default\">\n\t\t\t\t<div class=\"elementor-widget-container\">\n\t\t\t\t\t<h2 class=\"elementor-heading-title elementor-size-default\">Novidades e Artigos<\/h2>\t\t\t\t<\/div>\n\t\t\t\t<\/div>\n\t\t\t\t<section class=\"elementor-section elementor-inner-section elementor-element elementor-element-719a53c2 elementor-section-boxed elementor-section-height-default elementor-section-height-default\" data-id=\"719a53c2\" data-element_type=\"section\">\n\t\t\t\t\t\t<div class=\"elementor-container elementor-column-gap-default\">\n\t\t\t\t\t<div class=\"elementor-column elementor-col-100 elementor-inner-column elementor-element elementor-element-532b8800\" data-id=\"532b8800\" data-element_type=\"column\">\n\t\t\t<div class=\"elementor-widget-wrap elementor-element-populated\">\n\t\t\t\t\t\t<div class=\"elementor-element elementor-element-43dfe62b elementor-widget elementor-widget-jkit_post_block\" data-id=\"43dfe62b\" data-element_type=\"widget\" data-widget_type=\"jkit_post_block.default\">\n\t\t\t\t<div class=\"elementor-widget-container\">\n\t\t\t\t\t<div  class=\"jeg-elementor-kit jkit-postblock postblock-type-4 jkit-pagination-nextprev post-element jeg_module___69d270ce1aaa7\"  data-id=\"jeg_module___69d270ce1aaa7\" data-settings=\"{&quot;post_type&quot;:&quot;post&quot;,&quot;number_post&quot;:{&quot;unit&quot;:&quot;px&quot;,&quot;size&quot;:10,&quot;sizes&quot;:[]},&quot;post_offset&quot;:0,&quot;unique_content&quot;:&quot;disable&quot;,&quot;include_post&quot;:&quot;&quot;,&quot;exclude_post&quot;:&quot;&quot;,&quot;include_category&quot;:&quot;&quot;,&quot;exclude_category&quot;:&quot;&quot;,&quot;include_author&quot;:&quot;&quot;,&quot;include_tag&quot;:&quot;&quot;,&quot;exclude_tag&quot;:&quot;&quot;,&quot;sort_by&quot;:&quot;latest&quot;,&quot;pagination_mode&quot;:&quot;nextprev&quot;,&quot;pagination_loadmore_text&quot;:&quot;Load More&quot;,&quot;pagination_loading_text&quot;:&quot;Loading...&quot;,&quot;pagination_number_post&quot;:{&quot;unit&quot;:&quot;px&quot;,&quot;size&quot;:3,&quot;sizes&quot;:[]},&quot;pagination_scroll_limit&quot;:0,&quot;pagination_icon&quot;:{&quot;value&quot;:&quot;&quot;,&quot;library&quot;:&quot;&quot;},&quot;pagination_icon_position&quot;:&quot;before&quot;,&quot;st_category_position&quot;:&quot;left&quot;,&quot;sg_content_postblock_type&quot;:&quot;type-4&quot;,&quot;sg_content_element_order&quot;:&quot;title,meta,excerpt,read&quot;,&quot;sg_content_breakpoint&quot;:&quot;tablet&quot;,&quot;sg_content_title_html_tag&quot;:&quot;h3&quot;,&quot;sg_content_category_enable&quot;:&quot;&quot;,&quot;sg_content_excerpt_enable&quot;:&quot;yes&quot;,&quot;sg_content_excerpt_length&quot;:{&quot;unit&quot;:&quot;px&quot;,&quot;size&quot;:&quot;38&quot;,&quot;sizes&quot;:[]},&quot;sg_content_excerpt_more&quot;:&quot;...&quot;,&quot;sg_content_readmore_enable&quot;:&quot;yes&quot;,&quot;sg_content_readmore_icon&quot;:{&quot;value&quot;:&quot;&quot;,&quot;library&quot;:&quot;&quot;},&quot;sg_content_readmore_icon_position&quot;:&quot;after&quot;,&quot;sg_content_readmore_text&quot;:&quot;Leia mais&quot;,&quot;sg_content_comment_enable&quot;:&quot;&quot;,&quot;sg_content_comment_icon&quot;:{&quot;value&quot;:&quot;fas fa-comment&quot;,&quot;library&quot;:&quot;fa-solid&quot;},&quot;sg_content_comment_icon_position&quot;:&quot;before&quot;,&quot;sg_content_meta_enable&quot;:&quot;yes&quot;,&quot;sg_content_meta_author_enable&quot;:&quot;&quot;,&quot;sg_content_meta_author_by_text&quot;:&quot;&quot;,&quot;sg_content_meta_author_icon&quot;:{&quot;value&quot;:&quot;&quot;,&quot;library&quot;:&quot;&quot;},&quot;sg_content_meta_author_icon_position&quot;:&quot;after&quot;,&quot;sg_content_meta_date_enable&quot;:&quot;yes&quot;,&quot;sg_content_meta_date_type&quot;:&quot;published&quot;,&quot;sg_content_meta_date_format&quot;:&quot;default&quot;,&quot;sg_content_meta_date_format_custom&quot;:&quot;F j, Y&quot;,&quot;sg_content_meta_date_icon&quot;:{&quot;value&quot;:&quot;&quot;,&quot;library&quot;:&quot;&quot;},&quot;sg_content_meta_date_icon_position&quot;:&quot;before&quot;,&quot;sg_content_image_size_imagesize_size&quot;:&quot;full&quot;,&quot;paged&quot;:1,&quot;class&quot;:&quot;jkit_post_block&quot;}\"><div class=\"jkit-block-container\"><div class=\"jkit-posts jkit-ajax-flag\">\n            <article class=\"jkit-post post-259 post type-post status-publish format-standard has-post-thumbnail hentry category-blog\">\n                    <div class=\"jkit-thumb\"><a aria-label=\"Empreendimentos Inteligentes: Como a Automa\u00e7\u00e3o e Conectividade Est\u00e3o Redefinindo Ambientes de Trabalho e Consumo\" href=\"https:\/\/thinkforpeople.com.br\/2024\/2024\/12\/16\/empreendimentos-inteligentes-como-a-automacao-e-conectividade-estao-redefinindo-ambientes-de-trabalho-e-consumo\/\"><div class=\"thumbnail-container \">\n            <img loading=\"lazy\" decoding=\"async\" width=\"2000\" height=\"1334\" src=\"https:\/\/thinkforpeople.com.br\/2024\/wp-content\/uploads\/2024\/12\/fundo-tfp02.jpg\" class=\"attachment-full size-full wp-post-image\" alt=\"\" loading=\"lazy\" srcset=\"https:\/\/thinkforpeople.com.br\/2024\/wp-content\/uploads\/2024\/12\/fundo-tfp02.jpg 2000w, https:\/\/thinkforpeople.com.br\/2024\/wp-content\/uploads\/2024\/12\/fundo-tfp02-300x200.jpg 300w, https:\/\/thinkforpeople.com.br\/2024\/wp-content\/uploads\/2024\/12\/fundo-tfp02-1024x683.jpg 1024w, https:\/\/thinkforpeople.com.br\/2024\/wp-content\/uploads\/2024\/12\/fundo-tfp02-768x512.jpg 768w, https:\/\/thinkforpeople.com.br\/2024\/wp-content\/uploads\/2024\/12\/fundo-tfp02-1536x1025.jpg 1536w\" sizes=\"auto, (max-width: 2000px) 100vw, 2000px\" \/>\n        <\/div><\/a><\/div>\n                    <div class=\"jkit-postblock-content\"><h3 class=\"jkit-post-title\">\n\t\t\t\t\t\t\t<a href=\"https:\/\/thinkforpeople.com.br\/2024\/2024\/12\/16\/empreendimentos-inteligentes-como-a-automacao-e-conectividade-estao-redefinindo-ambientes-de-trabalho-e-consumo\/\">Empreendimentos Inteligentes: Como a Automa\u00e7\u00e3o e Conectividade Est\u00e3o Redefinindo Ambientes de Trabalho e Consumo<\/a>\n\t\t\t\t\t\t<\/h3><div class=\"jkit-post-meta\"><div class=\"jkit-meta-date icon-position-before\">dezembro 16, 2024<\/div><\/div><div class=\"jkit-post-excerpt\"><p>Imagine entrar em um escrit\u00f3rio onde as luzes, a climatiza\u00e7\u00e3o, o sistema de seguran\u00e7a e at\u00e9 a distribui\u00e7\u00e3o de energia s\u00e3o controlados de forma autom\u00e1tica e inteligente. Esse n\u00e3o \u00e9 mais um cen\u00e1rio de fic\u00e7\u00e3o, mas a realidade...<\/p><\/div><div class=\"jkit-post-meta-bottom\">\n\t\t\t\t\t\t\t<div class=\"jkit-meta-readmore icon-position-after\">\n                <a title=\"Empreendimentos Inteligentes: Como a Automa\u00e7\u00e3o e Conectividade Est\u00e3o Redefinindo Ambientes de Trabalho e Consumo\" href=\"https:\/\/thinkforpeople.com.br\/2024\/2024\/12\/16\/empreendimentos-inteligentes-como-a-automacao-e-conectividade-estao-redefinindo-ambientes-de-trabalho-e-consumo\/\" class=\"jkit-readmore\">Leia mais<\/a>\n            <\/div>\n\t\t\t\t\t\t<\/div><\/div>\n                <\/article><article class=\"jkit-post post-256 post type-post status-publish format-standard has-post-thumbnail hentry category-blog\">\n                    <div class=\"jkit-thumb\"><a aria-label=\"Como Integrar Telecomunica\u00e7\u00f5es, Seguran\u00e7a e Infraestrutura para Aumentar a Produtividade na Sua Empresa\" href=\"https:\/\/thinkforpeople.com.br\/2024\/2024\/12\/16\/como-integrar-telecomunicacoes-seguranca-e-infraestrutura-para-aumentar-a-produtividade-na-sua-empresa\/\"><div class=\"thumbnail-container \">\n            <img loading=\"lazy\" decoding=\"async\" width=\"1920\" height=\"1080\" src=\"https:\/\/thinkforpeople.com.br\/2024\/wp-content\/uploads\/2024\/12\/Como-Integrar-Telecomunicacoes-Seguranca-e-Infraestrutura.jpg\" class=\"attachment-full size-full wp-post-image\" alt=\"\" loading=\"lazy\" srcset=\"https:\/\/thinkforpeople.com.br\/2024\/wp-content\/uploads\/2024\/12\/Como-Integrar-Telecomunicacoes-Seguranca-e-Infraestrutura.jpg 1920w, https:\/\/thinkforpeople.com.br\/2024\/wp-content\/uploads\/2024\/12\/Como-Integrar-Telecomunicacoes-Seguranca-e-Infraestrutura-300x169.jpg 300w, https:\/\/thinkforpeople.com.br\/2024\/wp-content\/uploads\/2024\/12\/Como-Integrar-Telecomunicacoes-Seguranca-e-Infraestrutura-1024x576.jpg 1024w, https:\/\/thinkforpeople.com.br\/2024\/wp-content\/uploads\/2024\/12\/Como-Integrar-Telecomunicacoes-Seguranca-e-Infraestrutura-768x432.jpg 768w, https:\/\/thinkforpeople.com.br\/2024\/wp-content\/uploads\/2024\/12\/Como-Integrar-Telecomunicacoes-Seguranca-e-Infraestrutura-1536x864.jpg 1536w\" sizes=\"auto, (max-width: 1920px) 100vw, 1920px\" \/>\n        <\/div><\/a><\/div>\n                    <div class=\"jkit-postblock-content\"><h3 class=\"jkit-post-title\">\n\t\t\t\t\t\t\t<a href=\"https:\/\/thinkforpeople.com.br\/2024\/2024\/12\/16\/como-integrar-telecomunicacoes-seguranca-e-infraestrutura-para-aumentar-a-produtividade-na-sua-empresa\/\">Como Integrar Telecomunica\u00e7\u00f5es, Seguran\u00e7a e Infraestrutura para Aumentar a Produtividade na Sua Empresa<\/a>\n\t\t\t\t\t\t<\/h3><div class=\"jkit-post-meta\"><div class=\"jkit-meta-date icon-position-before\">dezembro 16, 2024<\/div><\/div><div class=\"jkit-post-excerpt\"><p>Em um mundo cada vez mais conectado, a capacidade de integrar diferentes aspectos da tecnologia tornou-se um fator decisivo para o sucesso das empresas. Uma abordagem que unifica telecomunica\u00e7\u00f5es, seguran\u00e7a e infraestrutura de TI n\u00e3o apenas otimiza a...<\/p><\/div><div class=\"jkit-post-meta-bottom\">\n\t\t\t\t\t\t\t<div class=\"jkit-meta-readmore icon-position-after\">\n                <a title=\"Como Integrar Telecomunica\u00e7\u00f5es, Seguran\u00e7a e Infraestrutura para Aumentar a Produtividade na Sua Empresa\" href=\"https:\/\/thinkforpeople.com.br\/2024\/2024\/12\/16\/como-integrar-telecomunicacoes-seguranca-e-infraestrutura-para-aumentar-a-produtividade-na-sua-empresa\/\" class=\"jkit-readmore\">Leia mais<\/a>\n            <\/div>\n\t\t\t\t\t\t<\/div><\/div>\n                <\/article>\n        <\/div><div class=\"jkit-preloader-overlay\">\n\t\t\t\t\t<div class=\"jkit-preloader-type jkit-preloader-dot\">\n\t\t\t\t\t\t<div class=\"jkit-preloader\">\n\t\t\t\t\t\t\t<span><\/span><span><\/span><span><\/span>\n\t\t\t\t\t\t<\/div>\n\t\t\t\t\t<\/div>\n\t\t\t\t<\/div><\/div><div class=\"jkit-block-pagination jkit-align\"><div class=\"jkit-pagination-button jkit-block-nextprev jkit-nextprev-edge\">\n\t\t\t\t\t\t<a href=\"#\" class=\"prev disabled\" title=\"Previous\"><i aria-hidden=\"true\" class=\"jki jki-angle-left-solid\"><\/i><\/a>\n\t\t\t\t\t\t<a href=\"#\" class=\"next disabled\" title=\"Next\"><i aria-hidden=\"true\" class=\"jki jki-angle-right-solid\"><\/i><\/a>\n\t\t\t\t\t<\/div><\/div><\/div>\t\t\t\t<\/div>\n\t\t\t\t<\/div>\n\t\t\t\t\t<\/div>\n\t\t<\/div>\n\t\t\t\t\t<\/div>\n\t\t<\/section>\n\t\t\t\t\t<\/div>\n\t\t<\/div>\n\t\t\t\t\t<\/div>\n\t\t<\/section>\n\t\t\t\t<\/div>\n\t\t","protected":false},"excerpt":{"rendered":"<p>Blog NOssos artigos Novidades e Artigos edit post Empreendimentos Inteligentes: Como a Automa\u00e7\u00e3o e Conectividade Est\u00e3o Redefinindo Ambientes de Trabalho e Consumo dezembro 16, 2024 Imagine entrar em um escrit\u00f3rio onde as luzes, a climatiza\u00e7\u00e3o, o sistema de seguran\u00e7a e at\u00e9 a distribui\u00e7\u00e3o de energia s\u00e3o controlados de forma autom\u00e1tica e inteligente. Esse n\u00e3o \u00e9 [&hellip;]<\/p>\n","protected":false},"author":1,"featured_media":0,"parent":0,"menu_order":0,"comment_status":"closed","ping_status":"closed","template":"elementor_header_footer","meta":{"footnotes":""},"class_list":["post-360","page","type-page","status-publish","hentry"],"_links":{"self":[{"href":"https:\/\/thinkforpeople.com.br\/2024\/wp-json\/wp\/v2\/pages\/360","targetHints":{"allow":["GET"]}}],"collection":[{"href":"https:\/\/thinkforpeople.com.br\/2024\/wp-json\/wp\/v2\/pages"}],"about":[{"href":"https:\/\/thinkforpeople.com.br\/2024\/wp-json\/wp\/v2\/types\/page"}],"author":[{"embeddable":true,"href":"https:\/\/thinkforpeople.com.br\/2024\/wp-json\/wp\/v2\/users\/1"}],"replies":[{"embeddable":true,"href":"https:\/\/thinkforpeople.com.br\/2024\/wp-json\/wp\/v2\/comments?post=360"}],"version-history":[{"count":7,"href":"https:\/\/thinkforpeople.com.br\/2024\/wp-json\/wp\/v2\/pages\/360\/revisions"}],"predecessor-version":[{"id":371,"href":"https:\/\/thinkforpeople.com.br\/2024\/wp-json\/wp\/v2\/pages\/360\/revisions\/371"}],"wp:attachment":[{"href":"https:\/\/thinkforpeople.com.br\/2024\/wp-json\/wp\/v2\/media?parent=360"}],"curies":[{"name":"wp","href":"https:\/\/api.w.org\/{rel}","templated":true}]}}